{"id":680,"date":"2026-01-07T14:16:34","date_gmt":"2026-01-07T14:16:34","guid":{"rendered":"https:\/\/staging2.avedia.fr\/our-local-picks\/"},"modified":"2026-04-08T09:57:00","modified_gmt":"2026-04-08T09:57:00","slug":"our-local-picks","status":"publish","type":"page","link":"https:\/\/www.lamansardeduport.com\/fr\/our-local-picks\/","title":{"rendered":"Nos recommandations"},"content":{"rendered":"\t\t<div data-elementor-type=\"wp-page\" data-elementor-id=\"680\" class=\"elementor elementor-680 elementor-463\" data-elementor-post-type=\"page\">\n\t\t\t\t<div class=\"elementor-element elementor-element-9b006a6 e-flex e-con-boxed elementor-invisible e-con e-parent\" data-id=\"9b006a6\" data-element_type=\"container\" data-e-type=\"container\" data-settings=\"{&quot;animation&quot;:&quot;fadeIn&quot;,&quot;background_background&quot;:&quot;classic&quot;}\">\n\t\t\t\t\t<div class=\"e-con-inner\">\n\t\t\t\t\t<\/div>\n\t\t\t\t<\/div>\n\t\t<div class=\"elementor-element elementor-element-96d8ab7 e-flex e-con-boxed e-con e-parent\" data-id=\"96d8ab7\" data-element_type=\"container\" data-e-type=\"container\">\n\t\t\t\t\t<div class=\"e-con-inner\">\n\t\t\t\t<div class=\"elementor-element elementor-element-5b91abf title elementor-widget elementor-widget-heading\" data-id=\"5b91abf\" data-element_type=\"widget\" data-e-type=\"widget\" data-widget_type=\"heading.default\">\n\t\t\t\t<div class=\"elementor-widget-container\">\n\t\t\t\t\t<h1 class=\"elementor-heading-title elementor-size-default\">NOS BONNES ADRESSES<\/h1>\t\t\t\t<\/div>\n\t\t\t\t<\/div>\n\t\t\t\t\t<\/div>\n\t\t\t\t<\/div>\n\t\t<div class=\"elementor-element elementor-element-5781419 e-flex e-con-boxed e-con e-parent\" data-id=\"5781419\" data-element_type=\"container\" data-e-type=\"container\">\n\t\t\t\t\t<div class=\"e-con-inner\">\n\t\t<div class=\"elementor-element elementor-element-73ed306 e-con-full e-flex e-con e-child\" data-id=\"73ed306\" data-element_type=\"container\" data-e-type=\"container\">\n\t\t\t\t<div class=\"elementor-element elementor-element-eaf53ac e-n-tabs-mobile elementor-widget elementor-widget-n-tabs\" data-id=\"eaf53ac\" data-element_type=\"widget\" data-e-type=\"widget\" data-widget_type=\"nested-tabs.default\">\n\t\t\t\t<div class=\"elementor-widget-container\">\n\t\t\t\t\t\t\t<div class=\"e-n-tabs\" data-widget-number=\"246371244\" aria-label=\"Onglets. Ouvrez des \u00e9l\u00e9ments avec Entrer ou Espace, fermez-les avec Echape et naviguez \u00e0 l&#039;aide des touches fl\u00e9ch\u00e9es.\">\n\t\t\t<div class=\"e-n-tabs-heading\" role=\"tablist\">\n\t\t\t\t\t<button id=\"e-n-tab-title-2463712441\" data-tab-title-id=\"e-n-tab-title-2463712441\" class=\"e-n-tab-title\" aria-selected=\"true\" data-tab-index=\"1\" role=\"tab\" tabindex=\"0\" aria-controls=\"e-n-tab-content-2463712441\" style=\"--n-tabs-title-order: 1;\">\n\t\t\t\t\t<span class=\"e-n-tab-icon\">\n\t\t\t<svg aria-hidden=\"true\" class=\"e-font-icon-svg e-fas-shopping-basket\" viewBox=\"0 0 576 512\" xmlns=\"http:\/\/www.w3.org\/2000\/svg\"><path d=\"M576 216v16c0 13.255-10.745 24-24 24h-8l-26.113 182.788C514.509 462.435 494.257 480 470.37 480H105.63c-23.887 0-44.139-17.565-47.518-41.212L32 256h-8c-13.255 0-24-10.745-24-24v-16c0-13.255 10.745-24 24-24h67.341l106.78-146.821c10.395-14.292 30.407-17.453 44.701-7.058 14.293 10.395 17.453 30.408 7.058 44.701L170.477 192h235.046L326.12 82.821c-10.395-14.292-7.234-34.306 7.059-44.701 14.291-10.395 34.306-7.235 44.701 7.058L484.659 192H552c13.255 0 24 10.745 24 24zM312 392V280c0-13.255-10.745-24-24-24s-24 10.745-24 24v112c0 13.255 10.745 24 24 24s24-10.745 24-24zm112 0V280c0-13.255-10.745-24-24-24s-24 10.745-24 24v112c0 13.255 10.745 24 24 24s24-10.745 24-24zm-224 0V280c0-13.255-10.745-24-24-24s-24 10.745-24 24v112c0 13.255 10.745 24 24 24s24-10.745 24-24z\"><\/path><\/svg>\t\t\t<svg aria-hidden=\"true\" class=\"e-font-icon-svg e-fas-shopping-basket\" viewBox=\"0 0 576 512\" xmlns=\"http:\/\/www.w3.org\/2000\/svg\"><path d=\"M576 216v16c0 13.255-10.745 24-24 24h-8l-26.113 182.788C514.509 462.435 494.257 480 470.37 480H105.63c-23.887 0-44.139-17.565-47.518-41.212L32 256h-8c-13.255 0-24-10.745-24-24v-16c0-13.255 10.745-24 24-24h67.341l106.78-146.821c10.395-14.292 30.407-17.453 44.701-7.058 14.293 10.395 17.453 30.408 7.058 44.701L170.477 192h235.046L326.12 82.821c-10.395-14.292-7.234-34.306 7.059-44.701 14.291-10.395 34.306-7.235 44.701 7.058L484.659 192H552c13.255 0 24 10.745 24 24zM312 392V280c0-13.255-10.745-24-24-24s-24 10.745-24 24v112c0 13.255 10.745 24 24 24s24-10.745 24-24zm112 0V280c0-13.255-10.745-24-24-24s-24 10.745-24 24v112c0 13.255 10.745 24 24 24s24-10.745 24-24zm-224 0V280c0-13.255-10.745-24-24-24s-24 10.745-24 24v112c0 13.255 10.745 24 24 24s24-10.745 24-24z\"><\/path><\/svg>\t\t<\/span>\n\t\t\t\t\t<span class=\"e-n-tab-title-text\">\n\t\t\t\t\u00c9piceries\t\t\t<\/span>\n\t\t<\/button>\n\t\t\t\t<button id=\"e-n-tab-title-2463712442\" data-tab-title-id=\"e-n-tab-title-2463712442\" class=\"e-n-tab-title\" aria-selected=\"false\" data-tab-index=\"2\" role=\"tab\" tabindex=\"-1\" aria-controls=\"e-n-tab-content-2463712442\" style=\"--n-tabs-title-order: 2;\">\n\t\t\t\t\t<span class=\"e-n-tab-icon\">\n\t\t\t<svg aria-hidden=\"true\" class=\"e-font-icon-svg e-fas-glass-cheers\" viewBox=\"0 0 640 512\" xmlns=\"http:\/\/www.w3.org\/2000\/svg\"><path d=\"M639.4 433.6c-8.4-20.4-31.8-30.1-52.2-21.6l-22.1 9.2-38.7-101.9c47.9-35 64.8-100.3 34.5-152.8L474.3 16c-8-13.9-25.1-19.7-40-13.6L320 49.8 205.7 2.4c-14.9-6.2-32-.3-40 13.6L79.1 166.5C48.9 219 65.7 284.3 113.6 319.2L74.9 421.1l-22.1-9.2c-20.4-8.5-43.7 1.2-52.2 21.6-1.7 4.1.2 8.8 4.3 10.5l162.3 67.4c4.1 1.7 8.7-.2 10.4-4.3 8.4-20.4-1.2-43.8-21.6-52.3l-22.1-9.2L173.3 342c4.4.5 8.8 1.3 13.1 1.3 51.7 0 99.4-33.1 113.4-85.3l20.2-75.4 20.2 75.4c14 52.2 61.7 85.3 113.4 85.3 4.3 0 8.7-.8 13.1-1.3L506 445.6l-22.1 9.2c-20.4 8.5-30.1 31.9-21.6 52.3 1.7 4.1 6.4 6 10.4 4.3L635.1 444c4-1.7 6-6.3 4.3-10.4zM275.9 162.1l-112.1-46.5 36.5-63.4 94.5 39.2-18.9 70.7zm88.2 0l-18.9-70.7 94.5-39.2 36.5 63.4-112.1 46.5z\"><\/path><\/svg>\t\t\t<svg aria-hidden=\"true\" class=\"e-font-icon-svg e-fas-glass-cheers\" viewBox=\"0 0 640 512\" xmlns=\"http:\/\/www.w3.org\/2000\/svg\"><path d=\"M639.4 433.6c-8.4-20.4-31.8-30.1-52.2-21.6l-22.1 9.2-38.7-101.9c47.9-35 64.8-100.3 34.5-152.8L474.3 16c-8-13.9-25.1-19.7-40-13.6L320 49.8 205.7 2.4c-14.9-6.2-32-.3-40 13.6L79.1 166.5C48.9 219 65.7 284.3 113.6 319.2L74.9 421.1l-22.1-9.2c-20.4-8.5-43.7 1.2-52.2 21.6-1.7 4.1.2 8.8 4.3 10.5l162.3 67.4c4.1 1.7 8.7-.2 10.4-4.3 8.4-20.4-1.2-43.8-21.6-52.3l-22.1-9.2L173.3 342c4.4.5 8.8 1.3 13.1 1.3 51.7 0 99.4-33.1 113.4-85.3l20.2-75.4 20.2 75.4c14 52.2 61.7 85.3 113.4 85.3 4.3 0 8.7-.8 13.1-1.3L506 445.6l-22.1 9.2c-20.4 8.5-30.1 31.9-21.6 52.3 1.7 4.1 6.4 6 10.4 4.3L635.1 444c4-1.7 6-6.3 4.3-10.4zM275.9 162.1l-112.1-46.5 36.5-63.4 94.5 39.2-18.9 70.7zm88.2 0l-18.9-70.7 94.5-39.2 36.5 63.4-112.1 46.5z\"><\/path><\/svg>\t\t<\/span>\n\t\t\t\t\t<span class=\"e-n-tab-title-text\">\n\t\t\t\tBars et ap\u00e9ros\t\t\t<\/span>\n\t\t<\/button>\n\t\t\t\t<button id=\"e-n-tab-title-2463712443\" data-tab-title-id=\"e-n-tab-title-2463712443\" class=\"e-n-tab-title\" aria-selected=\"false\" data-tab-index=\"3\" role=\"tab\" tabindex=\"-1\" aria-controls=\"e-n-tab-content-2463712443\" style=\"--n-tabs-title-order: 3;\">\n\t\t\t\t\t<span class=\"e-n-tab-icon\">\n\t\t\t<svg aria-hidden=\"true\" class=\"e-font-icon-svg e-fas-utensils\" viewBox=\"0 0 416 512\" xmlns=\"http:\/\/www.w3.org\/2000\/svg\"><path d=\"M207.9 15.2c.8 4.7 16.1 94.5 16.1 128.8 0 52.3-27.8 89.6-68.9 104.6L168 486.7c.7 13.7-10.2 25.3-24 25.3H80c-13.7 0-24.7-11.5-24-25.3l12.9-238.1C27.7 233.6 0 196.2 0 144 0 109.6 15.3 19.9 16.1 15.2 19.3-5.1 61.4-5.4 64 16.3v141.2c1.3 3.4 15.1 3.2 16 0 1.4-25.3 7.9-139.2 8-141.8 3.3-20.8 44.7-20.8 47.9 0 .2 2.7 6.6 116.5 8 141.8.9 3.2 14.8 3.4 16 0V16.3c2.6-21.6 44.8-21.4 48-1.1zm119.2 285.7l-15 185.1c-1.2 14 9.9 26 23.9 26h56c13.3 0 24-10.7 24-24V24c0-13.2-10.7-24-24-24-82.5 0-221.4 178.5-64.9 300.9z\"><\/path><\/svg>\t\t\t<svg aria-hidden=\"true\" class=\"e-font-icon-svg e-fas-utensils\" viewBox=\"0 0 416 512\" xmlns=\"http:\/\/www.w3.org\/2000\/svg\"><path d=\"M207.9 15.2c.8 4.7 16.1 94.5 16.1 128.8 0 52.3-27.8 89.6-68.9 104.6L168 486.7c.7 13.7-10.2 25.3-24 25.3H80c-13.7 0-24.7-11.5-24-25.3l12.9-238.1C27.7 233.6 0 196.2 0 144 0 109.6 15.3 19.9 16.1 15.2 19.3-5.1 61.4-5.4 64 16.3v141.2c1.3 3.4 15.1 3.2 16 0 1.4-25.3 7.9-139.2 8-141.8 3.3-20.8 44.7-20.8 47.9 0 .2 2.7 6.6 116.5 8 141.8.9 3.2 14.8 3.4 16 0V16.3c2.6-21.6 44.8-21.4 48-1.1zm119.2 285.7l-15 185.1c-1.2 14 9.9 26 23.9 26h56c13.3 0 24-10.7 24-24V24c0-13.2-10.7-24-24-24-82.5 0-221.4 178.5-64.9 300.9z\"><\/path><\/svg>\t\t<\/span>\n\t\t\t\t\t<span class=\"e-n-tab-title-text\">\n\t\t\t\tRestaurants\t\t\t<\/span>\n\t\t<\/button>\n\t\t\t\t<button id=\"e-n-tab-title-2463712444\" data-tab-title-id=\"e-n-tab-title-2463712444\" class=\"e-n-tab-title\" aria-selected=\"false\" data-tab-index=\"4\" role=\"tab\" tabindex=\"-1\" aria-controls=\"e-n-tab-content-2463712444\" style=\"--n-tabs-title-order: 4;\">\n\t\t\t\t\t<span class=\"e-n-tab-icon\">\n\t\t\t<svg aria-hidden=\"true\" class=\"e-font-icon-svg e-fas-bicycle\" viewBox=\"0 0 640 512\" xmlns=\"http:\/\/www.w3.org\/2000\/svg\"><path d=\"M512.509 192.001c-16.373-.064-32.03 2.955-46.436 8.495l-77.68-125.153A24 24 0 0 0 368.001 64h-64c-8.837 0-16 7.163-16 16v16c0 8.837 7.163 16 16 16h50.649l14.896 24H256.002v-16c0-8.837-7.163-16-16-16h-87.459c-13.441 0-24.777 10.999-24.536 24.437.232 13.044 10.876 23.563 23.995 23.563h48.726l-29.417 47.52c-13.433-4.83-27.904-7.483-42.992-7.52C58.094 191.83.412 249.012.002 319.236-.413 390.279 57.055 448 128.002 448c59.642 0 109.758-40.793 123.967-96h52.033a24 24 0 0 0 20.406-11.367L410.37 201.77l14.938 24.067c-25.455 23.448-41.385 57.081-41.307 94.437.145 68.833 57.899 127.051 126.729 127.719 70.606.685 128.181-55.803 129.255-125.996 1.086-70.941-56.526-129.72-127.476-129.996zM186.75 265.772c9.727 10.529 16.673 23.661 19.642 38.228h-43.306l23.664-38.228zM128.002 400c-44.112 0-80-35.888-80-80s35.888-80 80-80c5.869 0 11.586.653 17.099 1.859l-45.505 73.509C89.715 331.327 101.213 352 120.002 352h81.3c-12.37 28.225-40.562 48-73.3 48zm162.63-96h-35.624c-3.96-31.756-19.556-59.894-42.383-80.026L237.371 184h127.547l-74.286 120zm217.057 95.886c-41.036-2.165-74.049-35.692-75.627-76.755-.812-21.121 6.633-40.518 19.335-55.263l44.433 71.586c4.66 7.508 14.524 9.816 22.032 5.156l13.594-8.437c7.508-4.66 9.817-14.524 5.156-22.032l-44.468-71.643a79.901 79.901 0 0 1 19.858-2.497c44.112 0 80 35.888 80 80-.001 45.54-38.252 82.316-84.313 79.885z\"><\/path><\/svg>\t\t\t<svg aria-hidden=\"true\" class=\"e-font-icon-svg e-fas-bicycle\" viewBox=\"0 0 640 512\" xmlns=\"http:\/\/www.w3.org\/2000\/svg\"><path d=\"M512.509 192.001c-16.373-.064-32.03 2.955-46.436 8.495l-77.68-125.153A24 24 0 0 0 368.001 64h-64c-8.837 0-16 7.163-16 16v16c0 8.837 7.163 16 16 16h50.649l14.896 24H256.002v-16c0-8.837-7.163-16-16-16h-87.459c-13.441 0-24.777 10.999-24.536 24.437.232 13.044 10.876 23.563 23.995 23.563h48.726l-29.417 47.52c-13.433-4.83-27.904-7.483-42.992-7.52C58.094 191.83.412 249.012.002 319.236-.413 390.279 57.055 448 128.002 448c59.642 0 109.758-40.793 123.967-96h52.033a24 24 0 0 0 20.406-11.367L410.37 201.77l14.938 24.067c-25.455 23.448-41.385 57.081-41.307 94.437.145 68.833 57.899 127.051 126.729 127.719 70.606.685 128.181-55.803 129.255-125.996 1.086-70.941-56.526-129.72-127.476-129.996zM186.75 265.772c9.727 10.529 16.673 23.661 19.642 38.228h-43.306l23.664-38.228zM128.002 400c-44.112 0-80-35.888-80-80s35.888-80 80-80c5.869 0 11.586.653 17.099 1.859l-45.505 73.509C89.715 331.327 101.213 352 120.002 352h81.3c-12.37 28.225-40.562 48-73.3 48zm162.63-96h-35.624c-3.96-31.756-19.556-59.894-42.383-80.026L237.371 184h127.547l-74.286 120zm217.057 95.886c-41.036-2.165-74.049-35.692-75.627-76.755-.812-21.121 6.633-40.518 19.335-55.263l44.433 71.586c4.66 7.508 14.524 9.816 22.032 5.156l13.594-8.437c7.508-4.66 9.817-14.524 5.156-22.032l-44.468-71.643a79.901 79.901 0 0 1 19.858-2.497c44.112 0 80 35.888 80 80-.001 45.54-38.252 82.316-84.313 79.885z\"><\/path><\/svg>\t\t<\/span>\n\t\t\t\t\t<span class=\"e-n-tab-title-text\">\n\t\t\t\tCity tour\t\t\t<\/span>\n\t\t<\/button>\n\t\t\t\t<button id=\"e-n-tab-title-2463712445\" data-tab-title-id=\"e-n-tab-title-2463712445\" class=\"e-n-tab-title\" aria-selected=\"false\" data-tab-index=\"5\" role=\"tab\" tabindex=\"-1\" aria-controls=\"e-n-tab-content-2463712445\" style=\"--n-tabs-title-order: 5;\">\n\t\t\t\t\t<span class=\"e-n-tab-icon\">\n\t\t\t<svg aria-hidden=\"true\" class=\"e-font-icon-svg e-far-eye\" viewBox=\"0 0 576 512\" xmlns=\"http:\/\/www.w3.org\/2000\/svg\"><path d=\"M288 144a110.94 110.94 0 0 0-31.24 5 55.4 55.4 0 0 1 7.24 27 56 56 0 0 1-56 56 55.4 55.4 0 0 1-27-7.24A111.71 111.71 0 1 0 288 144zm284.52 97.4C518.29 135.59 410.93 64 288 64S57.68 135.64 3.48 241.41a32.35 32.35 0 0 0 0 29.19C57.71 376.41 165.07 448 288 448s230.32-71.64 284.52-177.41a32.35 32.35 0 0 0 0-29.19zM288 400c-98.65 0-189.09-55-237.93-144C98.91 167 189.34 112 288 112s189.09 55 237.93 144C477.1 345 386.66 400 288 400z\"><\/path><\/svg>\t\t\t<svg aria-hidden=\"true\" class=\"e-font-icon-svg e-far-eye\" viewBox=\"0 0 576 512\" xmlns=\"http:\/\/www.w3.org\/2000\/svg\"><path d=\"M288 144a110.94 110.94 0 0 0-31.24 5 55.4 55.4 0 0 1 7.24 27 56 56 0 0 1-56 56 55.4 55.4 0 0 1-27-7.24A111.71 111.71 0 1 0 288 144zm284.52 97.4C518.29 135.59 410.93 64 288 64S57.68 135.64 3.48 241.41a32.35 32.35 0 0 0 0 29.19C57.71 376.41 165.07 448 288 448s230.32-71.64 284.52-177.41a32.35 32.35 0 0 0 0-29.19zM288 400c-98.65 0-189.09-55-237.93-144C98.91 167 189.34 112 288 112s189.09 55 237.93 144C477.1 345 386.66 400 288 400z\"><\/path><\/svg>\t\t<\/span>\n\t\t\t\t\t<span class=\"e-n-tab-title-text\">\n\t\t\t\tVisite touristique\t\t\t<\/span>\n\t\t<\/button>\n\t\t\t\t\t<\/div>\n\t\t\t<div class=\"e-n-tabs-content\">\n\t\t\t\t<div id=\"e-n-tab-content-2463712441\" role=\"tabpanel\" aria-labelledby=\"e-n-tab-title-2463712441\" data-tab-index=\"1\" style=\"--n-tabs-title-order: 1;\" class=\"e-active elementor-element elementor-element-cf5c1a9 e-con-full e-flex e-con e-child\" data-id=\"cf5c1a9\" data-element_type=\"container\" data-e-type=\"container\">\n\t\t<div class=\"elementor-element elementor-element-10d81b9 e-con-full e-flex e-con e-child\" data-id=\"10d81b9\" data-element_type=\"container\" data-e-type=\"container\">\n\t\t\t\t<div class=\"elementor-element elementor-element-0a05eda elementor-widget elementor-widget-text-editor\" data-id=\"0a05eda\" data-element_type=\"widget\" data-e-type=\"widget\" data-widget_type=\"text-editor.default\">\n\t\t\t\t<div class=\"elementor-widget-container\">\n\t\t\t\t\t\t\t\t\t<div class=\"moz-text-html\" lang=\"x-unicode\">\n<div dir=\"ltr\">\n<div>\n<div><strong>Spessa Italiana<\/strong><\/div>\n<div>16 rue Cassini<\/div>\n<div><a href=\"https:\/\/www.spesaitalia.fr\/\" target=\"_blank\" rel=\"noopener\">https:\/\/www.spesaitalia.fr\/<\/a><\/div>\n<div>\u00a0<\/div>\n<div><strong>Carrefour Market Cassini<\/strong><\/div>\n<div>11 rue Cassini<br \/><a href=\"https:\/\/www.carrefour.fr\/magasin\/city-nice-cassini\" target=\"_blank\" rel=\"noopener\">https:\/\/www.carrefour.fr\/magasin\/city-nice-cassini<\/a><\/div>\n<div>\u00a0<\/div>\n<div><strong>D\u00e9li Bo<\/strong><\/div>\n<div>11 rue Fod\u00e9r\u00e9<br \/><a href=\"https:\/\/delibo.fr\/\" target=\"_blank\" rel=\"noopener\">https:\/\/delibo.fr\/<\/a><\/div>\n<\/div>\n<div>\n<div>\u00a0<\/div>\n<\/div>\n<\/div>\n<\/div>\n\t\t\t\t\t\t\t\t<\/div>\n\t\t\t\t<\/div>\n\t\t\t\t<\/div>\n\t\t\t\t<\/div>\n\t\t<div id=\"e-n-tab-content-2463712442\" role=\"tabpanel\" aria-labelledby=\"e-n-tab-title-2463712442\" data-tab-index=\"2\" style=\"--n-tabs-title-order: 2;\" class=\" elementor-element elementor-element-e31e1e6 e-con-full e-flex e-con e-child\" data-id=\"e31e1e6\" data-element_type=\"container\" data-e-type=\"container\">\n\t\t<div class=\"elementor-element elementor-element-45c6c5f e-con-full e-flex e-con e-child\" data-id=\"45c6c5f\" data-element_type=\"container\" data-e-type=\"container\">\n\t\t\t\t<div class=\"elementor-element elementor-element-d26a54e elementor-widget elementor-widget-text-editor\" data-id=\"d26a54e\" data-element_type=\"widget\" data-e-type=\"widget\" data-widget_type=\"text-editor.default\">\n\t\t\t\t<div class=\"elementor-widget-container\">\n\t\t\t\t\t\t\t\t\t<div class=\"moz-text-html\" lang=\"x-unicode\">\n<div dir=\"ltr\">\n<div>\n<div>\n<div>\n<div><strong>BDA<\/strong><\/div>\n<div>13 rue Cassini<\/div>\n<div><a href=\"https:\/\/www.instagram.com\/bdabarnice\/?hl=fr\" target=\"_blank\" rel=\"noopener\">https:\/\/www.instagram.com\/bdabarnice\/?hl=fr<\/a><\/div>\n<div>\u00a0<\/div>\n<\/div>\n<div><strong>Povera<\/strong><\/div>\n<div>18 bis rue Emmanuel Philibert<br \/><a href=\"https:\/\/www.instagram.com\/barpovera\/?hl=fr\" target=\"_blank\" rel=\"noopener\">https:\/\/www.instagram.com\/barpovera\/?hl=fr<\/a><\/div>\n<div>\u00a0<\/div>\n<div><strong>La cave du cours<\/strong><\/div>\n<div>\n<div class=\"gmail-M2Cv8e gmail-hP3ybd\">\n<div class=\"gmail-gqkR3b gmail-hP3ybd\">24 Rue Barillerie (Vieux Nice)<\/div>\n<\/div>\n<p><a href=\"https:\/\/www.instagram.com\/la_cave_du_cours_nice\" target=\"_blank\" rel=\"noopener\">https:\/\/www.instagram.com\/la_cave_du_cours_nice<\/a><\/p>\n<\/div>\n<\/div>\n<\/div>\n<\/div>\n<\/div>\n\t\t\t\t\t\t\t\t<\/div>\n\t\t\t\t<\/div>\n\t\t\t\t<\/div>\n\t\t\t\t<\/div>\n\t\t<div id=\"e-n-tab-content-2463712443\" role=\"tabpanel\" aria-labelledby=\"e-n-tab-title-2463712443\" data-tab-index=\"3\" style=\"--n-tabs-title-order: 3;\" class=\" elementor-element elementor-element-1bdb913 e-con-full e-flex e-con e-child\" data-id=\"1bdb913\" data-element_type=\"container\" data-e-type=\"container\">\n\t\t<div class=\"elementor-element elementor-element-68bfdee e-con-full e-flex e-con e-child\" data-id=\"68bfdee\" data-element_type=\"container\" data-e-type=\"container\">\n\t\t\t\t<div class=\"elementor-element elementor-element-d830e95 elementor-widget elementor-widget-text-editor\" data-id=\"d830e95\" data-element_type=\"widget\" data-e-type=\"widget\" data-widget_type=\"text-editor.default\">\n\t\t\t\t<div class=\"elementor-widget-container\">\n\t\t\t\t\t\t\t\t\t<div class=\"moz-text-html\" lang=\"x-unicode\">\n<div dir=\"ltr\">\n<div>\n<div>\n<div>\n<div><strong>Chez Pipo<\/strong><\/div>\n<div>13 rue Bavastro<br \/><a href=\"https:\/\/www.chezpipo.fr\/fr\" target=\"_blank\" rel=\"noopener\">https:\/\/www.chezpipo.fr\/fr<\/a><\/div>\n<\/div>\n<div>\u00a0<\/div>\n<div><strong>Panoi Bao<\/strong><\/div>\n<div>8 rue Cassini<\/div>\n<div><a href=\"https:\/\/panoibao.fr\/fr\" target=\"_blank\" rel=\"noopener\">https:\/\/panoibao.fr\/fr<\/a><\/div>\n<div>\u00a0<\/div>\n<div><strong>Sentimi<\/strong><\/div>\n<div>2\/4 place Garibaldi<\/div>\n<div><a href=\"https:\/\/sentimi.fr\/\" target=\"_blank\" rel=\"noopener\">https:\/\/sentimi.fr\/<\/a><\/div>\n<div>\u00a0<\/div>\n<div><strong>Hely Nice<\/strong><\/div>\n<div>1 avenue du Mont Alban<\/div>\n<div><a href=\"https:\/\/www.instagram.com\/hely.nice\/?hl=fr\" target=\"_blank\" rel=\"noopener\">https:\/\/www.instagram.com\/hely.nice\/?hl=fr<\/a><\/div>\n<div>\u00a0<\/div>\n<div><strong>Lou Balico<\/strong><\/div>\n<div>20 avenue\u00a0 Saint-Jean-Baptiste<\/div>\n<div><a href=\"https:\/\/loubalico.com\/\" target=\"_blank\" rel=\"noopener\">https:\/\/loubalico.com\/<\/a><\/div>\n<div>\u00a0<\/div>\n<div><strong>Epiro<\/strong><\/div>\n<div>53 boulevard Stalingrad<\/div>\n<div><a href=\"https:\/\/www.instagram.com\/epironice\/?hl=fr\" target=\"_blank\" rel=\"noopener\">https:\/\/www.instagram.com\/epironice\/?hl=fr<\/a><\/div>\n<div>\u00a0<\/div>\n<div><strong>Le caf\u00e9 des Musiciens<\/strong><\/div>\n<div>13 avenue Auber<\/div>\n<div><a href=\"https:\/\/www.cafedesmusiciens.fr\/\" target=\"_blank\" rel=\"noopener\">https:\/\/www.cafedesmusiciens.fr\/<\/a><\/div>\n<div>\u00a0<\/div>\n<div><strong>DII Pizza &amp; Burgers\u00a0<\/strong><\/div>\n<div>\n<div class=\"gmail-M2Cv8e gmail-hP3ybd\">\n<div class=\"gmail-gqkR3b gmail-hP3ybd\">24 avenue Saint-Jean-Baptiste<\/div>\n<\/div>\n<p><a href=\"https:\/\/diipizzaburger.com\/\" target=\"_blank\" rel=\"noopener\">https:\/\/diipizzaburger.com\/<\/a><\/p>\n<\/div>\n<div>\u00a0<\/div>\n<div><strong>Sushi Arson<\/strong><\/div>\n<div>2 place Arson<\/div>\n<div><a href=\"https:\/\/sushiarson.com\/\" target=\"_blank\" rel=\"noopener\">https:\/\/sushiarson.com\/<\/a><\/div>\n<div>\u00a0<\/div>\n<div>\n<div><strong>P\u00eache \u00e0 la vigne<\/strong><\/div>\n<p>13 rue Cassini<\/p>\n<div><a href=\"https:\/\/lapechealavigne.com\/\" target=\"_blank\" rel=\"noopener\">https:\/\/lapechealavigne.com\/<\/a><\/div>\n<\/div>\n<\/div>\n<\/div>\n<\/div>\n<\/div>\n\t\t\t\t\t\t\t\t<\/div>\n\t\t\t\t<\/div>\n\t\t\t\t<\/div>\n\t\t\t\t<\/div>\n\t\t<div id=\"e-n-tab-content-2463712444\" role=\"tabpanel\" aria-labelledby=\"e-n-tab-title-2463712444\" data-tab-index=\"4\" style=\"--n-tabs-title-order: 4;\" class=\" elementor-element elementor-element-4fc6cd3 e-con-full e-flex e-con e-child\" data-id=\"4fc6cd3\" data-element_type=\"container\" data-e-type=\"container\">\n\t\t<div class=\"elementor-element elementor-element-5bff530 e-con-full e-flex e-con e-child\" data-id=\"5bff530\" data-element_type=\"container\" data-e-type=\"container\">\n\t\t\t\t<div class=\"elementor-element elementor-element-f1affbc elementor-widget elementor-widget-text-editor\" data-id=\"f1affbc\" data-element_type=\"widget\" data-e-type=\"widget\" data-widget_type=\"text-editor.default\">\n\t\t\t\t<div class=\"elementor-widget-container\">\n\t\t\t\t\t\t\t\t\t<div class=\"moz-text-html\" lang=\"x-unicode\">\n<div dir=\"ltr\">\n<div>\n<div>\n<div>\n<div><strong>La Cavaleta<\/strong><\/div>\n<p><\/p>\n<div>City tour et transport en v\u00e9lo taxi<\/div>\n<p><\/p>\n<div><a href=\"https:\/\/www.lacavaleta.com\/\" target=\"_blank\" rel=\"noopener\">https:\/\/www.lacavaleta.com\/<\/a><\/div>\n<p><\/div>\n<p><\/div>\n<p><\/div>\n<p><\/div>\n<p><\/div>\n\t\t\t\t\t\t\t\t<\/div>\n\t\t\t\t<\/div>\n\t\t\t\t<\/div>\n\t\t\t\t<\/div>\n\t\t<div id=\"e-n-tab-content-2463712445\" role=\"tabpanel\" aria-labelledby=\"e-n-tab-title-2463712445\" data-tab-index=\"5\" style=\"--n-tabs-title-order: 5;\" class=\" elementor-element elementor-element-325b667 e-con-full e-flex e-con e-child\" data-id=\"325b667\" data-element_type=\"container\" data-e-type=\"container\">\n\t\t<div class=\"elementor-element elementor-element-d36bf6a e-con-full e-flex e-con e-child\" data-id=\"d36bf6a\" data-element_type=\"container\" data-e-type=\"container\">\n\t\t\t\t<div class=\"elementor-element elementor-element-d93d8a7 elementor-widget elementor-widget-text-editor\" data-id=\"d93d8a7\" data-element_type=\"widget\" data-e-type=\"widget\" data-widget_type=\"text-editor.default\">\n\t\t\t\t<div class=\"elementor-widget-container\">\n\t\t\t\t\t\t\t\t\t<div class=\"moz-text-html\" lang=\"x-unicode\">\n<div dir=\"ltr\">\n<div><strong>Sentier du littoral<\/strong><\/div>\n<p><\/p>\n<div>Ce chemin de bord de mer vous permettra de rejoindre Villefranche-sur-Mer depuis le port Lympia. Magique.<\/div>\n<p><a href=\"https:\/\/www.explorenicecotedazur.com\/itineraire\/sentier-du-littoral-de-nice\/\" target=\"_blank\" rel=\"noopener\">https:\/\/www.explorenicecotedazur.com\/itineraire\/sentier-du-littoral-de-nice\/<\/a><\/div>\n<p><\/div>\n\t\t\t\t\t\t\t\t<\/div>\n\t\t\t\t<\/div>\n\t\t\t\t<\/div>\n\t\t\t\t<\/div>\n\t\t\t\t\t<\/div>\n\t\t<\/div>\n\t\t\t\t\t\t<\/div>\n\t\t\t\t<\/div>\n\t\t\t\t<\/div>\n\t\t\t\t\t<\/div>\n\t\t\t\t<\/div>\n\t\t\t\t<\/div>\n\t\t","protected":false},"excerpt":{"rendered":"<p>NOS BONNES ADRESSES \u00c9piceries Bars et ap\u00e9ros Restaurants City tour Visite touristique Spessa Italiana 16 rue Cassini https:\/\/www.spesaitalia.fr\/ \u00a0 Carrefour Market Cassini 11 rue Cassinihttps:\/\/www.carrefour.fr\/magasin\/city-nice-cassini \u00a0 D\u00e9li Bo 11 rue Fod\u00e9r\u00e9https:\/\/delibo.fr\/ \u00a0 BDA 13 rue Cassini https:\/\/www.instagram.com\/bdabarnice\/?hl=fr \u00a0 Povera 18 bis rue Emmanuel Philiberthttps:\/\/www.instagram.com\/barpovera\/?hl=fr \u00a0 La cave du cours 24 Rue Barillerie (Vieux Nice) https:\/\/www.instagram.com\/la_cave_du_cours_nice [&hellip;]<\/p>\n","protected":false},"author":1,"featured_media":0,"parent":0,"menu_order":0,"comment_status":"closed","ping_status":"closed","template":"elementor_header_footer","meta":{"_acf_changed":false,"footnotes":""},"class_list":["post-680","page","type-page","status-publish","hentry"],"acf":[],"_links":{"self":[{"href":"https:\/\/www.lamansardeduport.com\/fr\/wp-json\/wp\/v2\/pages\/680","targetHints":{"allow":["GET"]}}],"collection":[{"href":"https:\/\/www.lamansardeduport.com\/fr\/wp-json\/wp\/v2\/pages"}],"about":[{"href":"https:\/\/www.lamansardeduport.com\/fr\/wp-json\/wp\/v2\/types\/page"}],"author":[{"embeddable":true,"href":"https:\/\/www.lamansardeduport.com\/fr\/wp-json\/wp\/v2\/users\/1"}],"replies":[{"embeddable":true,"href":"https:\/\/www.lamansardeduport.com\/fr\/wp-json\/wp\/v2\/comments?post=680"}],"version-history":[{"count":5,"href":"https:\/\/www.lamansardeduport.com\/fr\/wp-json\/wp\/v2\/pages\/680\/revisions"}],"predecessor-version":[{"id":845,"href":"https:\/\/www.lamansardeduport.com\/fr\/wp-json\/wp\/v2\/pages\/680\/revisions\/845"}],"wp:attachment":[{"href":"https:\/\/www.lamansardeduport.com\/fr\/wp-json\/wp\/v2\/media?parent=680"}],"curies":[{"name":"wp","href":"https:\/\/api.w.org\/{rel}","templated":true}]}}