{"id":677,"date":"2025-12-29T16:01:11","date_gmt":"2025-12-29T16:01:11","guid":{"rendered":"https:\/\/staging2.avedia.fr\/acces-voyageurs\/"},"modified":"2026-02-04T13:54:12","modified_gmt":"2026-02-04T13:54:12","slug":"acces-voyageurs","status":"publish","type":"page","link":"https:\/\/www.lamansardeduport.com\/fr\/acces-voyageurs\/","title":{"rendered":"Acc\u00e8s voyageurs"},"content":{"rendered":"\t\t<div data-elementor-type=\"wp-page\" data-elementor-id=\"677\" class=\"elementor elementor-677 elementor-312\" data-elementor-post-type=\"page\">\n\t\t\t\t<div class=\"elementor-element elementor-element-9b006a6 e-flex e-con-boxed elementor-invisible e-con e-parent\" data-id=\"9b006a6\" data-element_type=\"container\" data-e-type=\"container\" data-settings=\"{&quot;animation&quot;:&quot;fadeIn&quot;,&quot;background_background&quot;:&quot;classic&quot;}\">\n\t\t\t\t\t<div class=\"e-con-inner\">\n\t\t\t\t\t<\/div>\n\t\t\t\t<\/div>\n\t\t<div class=\"elementor-element elementor-element-5781419 e-flex e-con-boxed e-con e-parent\" data-id=\"5781419\" data-element_type=\"container\" data-e-type=\"container\">\n\t\t\t\t\t<div class=\"e-con-inner\">\n\t\t<div class=\"elementor-element elementor-element-ed2c7d1 e-con-full e-flex e-con e-child\" data-id=\"ed2c7d1\" data-element_type=\"container\" data-e-type=\"container\">\n\t\t<div class=\"elementor-element elementor-element-5b00a6c e-con-full e-flex e-con e-child\" data-id=\"5b00a6c\" data-element_type=\"container\" data-e-type=\"container\" data-settings=\"{&quot;background_background&quot;:&quot;classic&quot;,&quot;sticky&quot;:&quot;top&quot;,&quot;sticky_offset&quot;:20,&quot;sticky_on&quot;:[&quot;desktop&quot;,&quot;laptop&quot;,&quot;tablet&quot;,&quot;mobile&quot;],&quot;sticky_effects_offset&quot;:0,&quot;sticky_anchor_link_offset&quot;:0}\">\n\t\t\t\t<div class=\"elementor-element elementor-element-3e47929 elementor-widget elementor-widget-heading\" data-id=\"3e47929\" data-element_type=\"widget\" data-e-type=\"widget\" data-widget_type=\"heading.default\">\n\t\t\t\t<div class=\"elementor-widget-container\">\n\t\t\t\t\t<h2 class=\"elementor-heading-title elementor-size-default\">Choisissez votre chambre :<\/h2>\t\t\t\t<\/div>\n\t\t\t\t<\/div>\n\t\t\t\t<div class=\"elementor-element elementor-element-2007393 elementor-widget elementor-widget-html\" data-id=\"2007393\" data-element_type=\"widget\" data-e-type=\"widget\" data-widget_type=\"html.default\">\n\t\t\t\t<div class=\"elementor-widget-container\">\n\t\t\t\t\t<div class=\"mdp-room-wrapper\">\r\n  <select id=\"mdp-room-select\">\r\n    <option value=\"\">Quelle est votre chambre ?<\/option>\r\n    <option value=\"babazouk\">Babazouk<\/option>\r\n    <option value=\"baieta\">Ba\u00efeta<\/option>\r\n    <option value=\"ficanas\">Ficanas<\/option>\r\n    <option value=\"gobi\">Gobi<\/option>\r\n    <option value=\"loft\">Loft<\/option>\r\n    <option value=\"mefi\">Mefi<\/option>\r\n    <option value=\"men-bati\">M\u2019en Bati<\/option>\r\n    <option value=\"pantai\">Panta\u00ef<\/option>\r\n    <option value=\"pilou\">Pilou<\/option>\r\n  <\/select>\r\n\r\n  <label class=\"mdp-rules\">\r\n    <input type=\"checkbox\" id=\"mdp-rules-check\">\r\n    J\u2019ai bien lu et compris le r\u00e8glement int\u00e9rieur.\r\n  <\/label>\r\n\r\n  <button id=\"mdp-room-submit\" disabled>\r\n    Continuer\r\n  <\/button>\r\n<\/div>\r\n\r\n<style>\r\n.mdp-room-wrapper {\r\n  display: flex;\r\n  flex-direction: column;\r\n  gap: 12px;\r\n  max-width: 100%;\r\n  color: #FFF;\r\n}\r\n\r\n#mdp-room-select {\r\n  width: 100%;\r\n  padding: 10px;\r\n  box-sizing: border-box;\r\n}\r\n\r\n#mdp-room-submit {\r\n  align-self: flex-start;\r\n  background-color: #fff;\r\n  color: #0d7b94;\r\n  border: 2px solid #fff;\r\n  border-radius: 20px;\r\n  padding: 15px;\r\n  font-family: \"Jost\", sans-serif;\r\n  font-size: 16px;\r\n  font-weight: 600;\r\n  text-transform: uppercase;\r\n  cursor: pointer;\r\n  transition: background-color 0.2s ease, color 0.2s ease;\r\n}\r\n\r\n#mdp-room-submit:hover:enabled {\r\n  background-color: #0d7b94;\r\n  color: #fff;\r\n  border-color: #fff;\r\n}\r\n\r\n#mdp-room-submit:disabled {\r\n  opacity: 0.5;\r\n  cursor: not-allowed;\r\n}\r\n<\/style>\r\n\r\n<script>\r\n(function () {\r\n  var select = document.getElementById('mdp-room-select');\r\n  var checkbox = document.getElementById('mdp-rules-check');\r\n  var button = document.getElementById('mdp-room-submit');\r\n\r\n  if (!select || !checkbox || !button) return;\r\n\r\n  function updateButtonState() {\r\n    button.disabled = !(select.value && checkbox.checked);\r\n  }\r\n\r\n  function getLangPrefix() {\r\n    var path = window.location.pathname || '\/';\r\n    return (path === '\/fr' || path.indexOf('\/fr\/') === 0) ? '\/fr' : '';\r\n  }\r\n\r\n  select.addEventListener('change', updateButtonState);\r\n  checkbox.addEventListener('change', updateButtonState);\r\n\r\n  button.addEventListener('click', function () {\r\n    if (!select.value || !checkbox.checked) return;\r\n\r\n    var prefix = getLangPrefix();\r\n    var slug = select.value.replace(\/^\\\/+\/, '');\r\n    window.location.href = prefix + '\/' + slug;\r\n  });\r\n})();\r\n<\/script>\r\n\t\t\t\t<\/div>\n\t\t\t\t<\/div>\n\t\t\t\t<\/div>\n\t\t\t\t<\/div>\n\t\t<div class=\"elementor-element elementor-element-3b58f8b e-con-full e-flex e-con e-child\" data-id=\"3b58f8b\" data-element_type=\"container\" data-e-type=\"container\">\n\t\t\t\t<div class=\"elementor-element elementor-element-6dda92a title elementor-widget elementor-widget-heading\" data-id=\"6dda92a\" data-element_type=\"widget\" data-e-type=\"widget\" data-widget_type=\"heading.default\">\n\t\t\t\t<div class=\"elementor-widget-container\">\n\t\t\t\t\t<h1 class=\"elementor-heading-title elementor-size-default\">Acc\u00e8s voyageurs<\/h1>\t\t\t\t<\/div>\n\t\t\t\t<\/div>\n\t\t\t\t<div class=\"elementor-element elementor-element-ef2f977 elementor-widget elementor-widget-text-editor\" data-id=\"ef2f977\" data-element_type=\"widget\" data-e-type=\"widget\" data-widget_type=\"text-editor.default\">\n\t\t\t\t<div class=\"elementor-widget-container\">\n\t\t\t\t\t\t\t\t\t<h2>R\u00c8GLEMENT INT\u00c9RIEUR<\/h2>\n<p><span style=\"color: #ff0000;\"><strong>Avant votre s\u00e9jour, merci de prendre un moment pour lire et accepter le r\u00e8glement int\u00e9rieur ci-dessous.<\/strong><\/span><\/p>\n<p>Vous trouverez \u00e0 la page suivante toutes les informations n\u00e9cessaires pour acc\u00e9der au logement.<\/p>\n<h3 class=\"gmail-western\">CUISINE &amp; SALON \u2013 FERM\u00c9S LA NUIT<\/h3>\n<p>La cuisine et le salon sont <strong>accessibles jusqu\u2019\u00e0 22h<\/strong> et <strong>ferm\u00e9s de 22h \u00e0 7h30<\/strong>.<\/p>\n<p>L\u2019immeuble est ancien. Nous avons fait le maximum pour rendre l\u2019appartement confortable, mais les planchers restent tr\u00e8s bruyants.<br \/>Nous dormons juste derri\u00e8re la cuisine, et le moindre d\u00e9placement peut nous r\u00e9veiller.<\/p>\n<p>Pour cette raison, <strong>la cuisine ne doit plus \u00eatre utilis\u00e9e apr\u00e8s 22h<\/strong>.<br \/>Si vous \u00eates plut\u00f4t nocturne, pensez \u00e0 prendre \u00e0 l\u2019avance tout ce dont vous pourriez avoir besoin dans le r\u00e9frig\u00e9rateur avant 22h.<br \/>De l\u2019eau potable est disponible dans les salles de bain.<\/p>\n<p>Notre b\u00e9b\u00e9 dort \u00e9galement \u00e0 proximit\u00e9 de la cuisine. Merci de limiter le bruit au maximum apr\u00e8s <strong>20h<\/strong>.<br \/>Merci de votre compr\u00e9hension.<\/p>\n<h3 class=\"gmail-western\">MERCI D\u2019ENLEVER VOS CHAUSSURES<\/h3>\n<p>Merci de retirer vos chaussures en entrant dans l\u2019appartement.<br \/>Un bac \u00e0 chaussures d\u00e9di\u00e9, identifi\u00e9 au nom de votre chambre, est disponible dans l\u2019entr\u00e9e.<\/p>\n<h3 class=\"gmail-western\">ARRIV\u00c9E &amp; D\u00c9PART<\/h3>\n<p>Votre chambre est r\u00e9serv\u00e9e de <strong>17h \u00e0 10h.<\/strong><\/p>\n<p>Merci de ne pas utiliser l\u2019appartement <strong>avant l\u2019heure d\u2019arriv\u00e9e ni apr\u00e8s l\u2019heure de d\u00e9part<\/strong>.<br \/>Cela inclut la cuisine, la douche, le canap\u00e9 et les espaces communs.<\/p>\n<p>Nice est une tr\u00e8s belle ville, profitez-en \ud83d\ude42<\/p>\n<p>Les bagages <strong>ne peuvent pas \u00eatre stock\u00e9s dans l\u2019appartement avant l\u2019arriv\u00e9e<\/strong>.<br \/>Un code de r\u00e9duction pour une consigne \u00e0 bagages toute proche est disponible une fois la r\u00e9servation confirm\u00e9e.<\/p>\n<h3 class=\"gmail-western\">VISITEURS<\/h3>\n<p>Les visiteurs <strong>ne sont pas autoris\u00e9s<\/strong>.<br \/>L\u2019appartement est strictement r\u00e9serv\u00e9 aux personnes enregistr\u00e9es.<\/p>\n<p>Si vous avez r\u00e9serv\u00e9 par erreur pour une seule personne alors que vous s\u00e9journez \u00e0 deux, merci de nous contacter d\u00e8s que possible. Les tarifs des chambres sont bas\u00e9s sur une occupation simple, avec un suppl\u00e9ment pour une seconde personne.<br \/>Le Loft est pr\u00e9vu par d\u00e9faut pour deux personnes.<br \/>Merci de nous contacter en amont si vous souhaitez recevoir quelqu\u2019un.<\/p>\n<h3 class=\"gmail-western\">\u00c9TABLISSEMENT NON-FUMEUR<\/h3>\n<p>La Mansarde du Port est un <strong>appartement non-fumeur<\/strong>, y compris aux fen\u00eatres des chambres.<br \/>Merci de fumer \u00e0 l\u2019ext\u00e9rieur, \u00e0 l\u2019entr\u00e9e de l\u2019immeuble.<\/p>\n<h3 class=\"gmail-western\">S\u00c9JOUR \u00c9CORESPONSABLE<\/h3>\n<p>Merci de nous aider \u00e0 r\u00e9duire la consommation d\u2019\u00e9nergie : \u00e9teignez les lumi\u00e8res en quittant une pi\u00e8ce, n\u2019utilisez pas la climatisation ou le chauffage avec les fen\u00eatres ouvertes, et pensez \u00e0 les \u00e9teindre en sortant.<\/p>\n<h3 class=\"gmail-western\">FEN\u00caTRES &amp; M\u00c9T\u00c9O<\/h3>\n<p>Merci de fermer toutes les fen\u00eatres lorsque vous quittez l\u2019appartement.<\/p>\n<p>\u00c0 Nice, la pluie peut \u00eatre soudaine et tr\u00e8s intense, et les appartements situ\u00e9s aux \u00e9tages inf\u00e9rieurs peuvent \u00eatre inond\u00e9s en quelques minutes.<br \/>Les personnes h\u00e9berg\u00e9es sont responsables des \u00e9ventuels dommages caus\u00e9s.<\/p>\n<p>En cas de changement de m\u00e9t\u00e9o, merci de v\u00e9rifier \u00e9galement les fen\u00eatres de la cuisine.<\/p>\n<h3 class=\"gmail-western\">M\u00c9NAGE<\/h3>\n<p>Vous arriverez dans un appartement propre et rang\u00e9.<br \/>Merci de laisser la cuisine et les salles de bain propres apr\u00e8s utilisation.<\/p>\n<p>Pour les s\u00e9jours de 7 nuits ou plus r\u00e9serv\u00e9s via Airbnb ou Booking, une participation de <strong>3 \u20ac par jour<\/strong> est demand\u00e9e pour l\u2019entretien des parties communes.<\/p>\n<h3 class=\"gmail-western\">LE TOIT<\/h3>\n<p>Il est interdit de monter sur le toit.<br \/>Tentant, certes \u2014 <strong>strictement interdit<\/strong>.<\/p>\n\t\t\t\t\t\t\t\t<\/div>\n\t\t\t\t<\/div>\n\t\t\t\t<\/div>\n\t\t\t\t\t<\/div>\n\t\t\t\t<\/div>\n\t\t\t\t<\/div>\n\t\t","protected":false},"excerpt":{"rendered":"<p>Choisissez votre chambre : Quelle est votre chambre ?BabazoukBa\u00efetaFicanasGobiLoftMefiM\u2019en BatiPanta\u00efPilou J\u2019ai bien lu et compris le r\u00e8glement int\u00e9rieur. Continuer Acc\u00e8s voyageurs R\u00c8GLEMENT INT\u00c9RIEUR Avant votre s\u00e9jour, merci de prendre un moment pour lire et accepter le r\u00e8glement int\u00e9rieur ci-dessous. Vous trouverez \u00e0 la page suivante toutes les informations n\u00e9cessaires pour acc\u00e9der au logement. CUISINE &amp; [&hellip;]<\/p>\n","protected":false},"author":1,"featured_media":0,"parent":0,"menu_order":0,"comment_status":"closed","ping_status":"closed","template":"elementor_header_footer","meta":{"_acf_changed":false,"footnotes":""},"class_list":["post-677","page","type-page","status-publish","hentry"],"acf":[],"_links":{"self":[{"href":"https:\/\/www.lamansardeduport.com\/fr\/wp-json\/wp\/v2\/pages\/677","targetHints":{"allow":["GET"]}}],"collection":[{"href":"https:\/\/www.lamansardeduport.com\/fr\/wp-json\/wp\/v2\/pages"}],"about":[{"href":"https:\/\/www.lamansardeduport.com\/fr\/wp-json\/wp\/v2\/types\/page"}],"author":[{"embeddable":true,"href":"https:\/\/www.lamansardeduport.com\/fr\/wp-json\/wp\/v2\/users\/1"}],"replies":[{"embeddable":true,"href":"https:\/\/www.lamansardeduport.com\/fr\/wp-json\/wp\/v2\/comments?post=677"}],"version-history":[{"count":2,"href":"https:\/\/www.lamansardeduport.com\/fr\/wp-json\/wp\/v2\/pages\/677\/revisions"}],"predecessor-version":[{"id":771,"href":"https:\/\/www.lamansardeduport.com\/fr\/wp-json\/wp\/v2\/pages\/677\/revisions\/771"}],"wp:attachment":[{"href":"https:\/\/www.lamansardeduport.com\/fr\/wp-json\/wp\/v2\/media?parent=677"}],"curies":[{"name":"wp","href":"https:\/\/api.w.org\/{rel}","templated":true}]}}