{"id":671,"date":"2025-12-27T16:05:47","date_gmt":"2025-12-27T16:05:47","guid":{"rendered":"https:\/\/staging2.avedia.fr\/informations-utiles\/"},"modified":"2026-02-04T13:56:49","modified_gmt":"2026-02-04T13:56:49","slug":"informations-utiles","status":"publish","type":"page","link":"https:\/\/www.lamansardeduport.com\/fr\/informations-utiles\/","title":{"rendered":"Informations utiles"},"content":{"rendered":"\t\t<div data-elementor-type=\"wp-page\" data-elementor-id=\"671\" class=\"elementor elementor-671 elementor-277\" data-elementor-post-type=\"page\">\n\t\t\t\t<div class=\"elementor-element elementor-element-9b006a6 e-flex e-con-boxed elementor-invisible e-con e-parent\" data-id=\"9b006a6\" data-element_type=\"container\" data-e-type=\"container\" data-settings=\"{&quot;animation&quot;:&quot;fadeIn&quot;,&quot;background_background&quot;:&quot;classic&quot;}\">\n\t\t\t\t\t<div class=\"e-con-inner\">\n\t\t\t\t\t<\/div>\n\t\t\t\t<\/div>\n\t\t<div class=\"elementor-element elementor-element-f9e84af e-flex e-con-boxed e-con e-parent\" data-id=\"f9e84af\" data-element_type=\"container\" data-e-type=\"container\">\n\t\t\t\t\t<div class=\"e-con-inner\">\n\t\t\t\t<div class=\"elementor-element elementor-element-6dda92a title elementor-widget elementor-widget-heading\" data-id=\"6dda92a\" data-element_type=\"widget\" data-e-type=\"widget\" data-widget_type=\"heading.default\">\n\t\t\t\t<div class=\"elementor-widget-container\">\n\t\t\t\t\t<h1 class=\"elementor-heading-title elementor-size-default\">Informations utiles<\/h1>\t\t\t\t<\/div>\n\t\t\t\t<\/div>\n\t\t\t\t\t<\/div>\n\t\t\t\t<\/div>\n\t\t<div class=\"elementor-element elementor-element-5781419 e-flex e-con-boxed e-con e-parent\" data-id=\"5781419\" data-element_type=\"container\" data-e-type=\"container\">\n\t\t\t\t\t<div class=\"e-con-inner\">\n\t\t\t\t<div class=\"elementor-element elementor-element-5ebe4b3 elementor-widget elementor-widget-image\" data-id=\"5ebe4b3\" data-element_type=\"widget\" data-e-type=\"widget\" data-widget_type=\"image.default\">\n\t\t\t\t<div class=\"elementor-widget-container\">\n\t\t\t\t\t\t\t\t\t\t\t\t\t\t\t<img fetchpriority=\"high\" decoding=\"async\" width=\"300\" height=\"300\" src=\"https:\/\/www.lamansardeduport.com\/wp-content\/uploads\/2025\/12\/icon-information-300x300.png\" class=\"attachment-medium size-medium wp-image-672\" alt=\"\" srcset=\"https:\/\/www.lamansardeduport.com\/wp-content\/uploads\/2025\/12\/icon-information-300x300.png 300w, https:\/\/www.lamansardeduport.com\/wp-content\/uploads\/2025\/12\/icon-information-150x150.png 150w, https:\/\/www.lamansardeduport.com\/wp-content\/uploads\/2025\/12\/icon-information-24x24.png 24w, https:\/\/www.lamansardeduport.com\/wp-content\/uploads\/2025\/12\/icon-information-36x36.png 36w, https:\/\/www.lamansardeduport.com\/wp-content\/uploads\/2025\/12\/icon-information-48x48.png 48w, https:\/\/www.lamansardeduport.com\/wp-content\/uploads\/2025\/12\/icon-information.png 512w\" sizes=\"(max-width: 300px) 100vw, 300px\" \/>\t\t\t\t\t\t\t\t\t\t\t\t\t\t\t<\/div>\n\t\t\t\t<\/div>\n\t\t\t\t<div class=\"elementor-element elementor-element-74209f1 elementor-widget elementor-widget-n-accordion\" data-id=\"74209f1\" data-element_type=\"widget\" data-e-type=\"widget\" data-settings=\"{&quot;default_state&quot;:&quot;expanded&quot;,&quot;max_items_expended&quot;:&quot;one&quot;,&quot;n_accordion_animation_duration&quot;:{&quot;unit&quot;:&quot;ms&quot;,&quot;size&quot;:400,&quot;sizes&quot;:[]}}\" data-widget_type=\"nested-accordion.default\">\n\t\t\t\t<div class=\"elementor-widget-container\">\n\t\t\t\t\t\t\t<div class=\"e-n-accordion\" aria-label=\"Accordion. Open links with Enter or Space, close with Escape, and navigate with Arrow Keys\">\n\t\t\t\t\t\t<details id=\"e-n-accordion-item-1210\" class=\"e-n-accordion-item\" open>\n\t\t\t\t<summary class=\"e-n-accordion-item-title\" data-accordion-index=\"1\" tabindex=\"0\" aria-expanded=\"true\" aria-controls=\"e-n-accordion-item-1210\" >\n\t\t\t\t\t<span class='e-n-accordion-item-title-header'><div class=\"e-n-accordion-item-title-text\"> 1. Avant votre arriv\u00e9e <\/div><\/span>\n\t\t\t\t\t\t\t<span class='e-n-accordion-item-title-icon'>\n\t\t\t<span class='e-opened' ><svg aria-hidden=\"true\" class=\"e-font-icon-svg e-fas-minus\" viewBox=\"0 0 448 512\" xmlns=\"http:\/\/www.w3.org\/2000\/svg\"><path d=\"M416 208H32c-17.67 0-32 14.33-32 32v32c0 17.67 14.33 32 32 32h384c17.67 0 32-14.33 32-32v-32c0-17.67-14.33-32-32-32z\"><\/path><\/svg><\/span>\n\t\t\t<span class='e-closed'><svg aria-hidden=\"true\" class=\"e-font-icon-svg e-fas-plus\" viewBox=\"0 0 448 512\" xmlns=\"http:\/\/www.w3.org\/2000\/svg\"><path d=\"M416 208H272V64c0-17.67-14.33-32-32-32h-32c-17.67 0-32 14.33-32 32v144H32c-17.67 0-32 14.33-32 32v32c0 17.67 14.33 32 32 32h144v144c0 17.67 14.33 32 32 32h32c17.67 0 32-14.33 32-32V304h144c17.67 0 32-14.33 32-32v-32c0-17.67-14.33-32-32-32z\"><\/path><\/svg><\/span>\n\t\t<\/span>\n\n\t\t\t\t\t\t<\/summary>\n\t\t\t\t<div role=\"region\" aria-labelledby=\"e-n-accordion-item-1210\" class=\"elementor-element elementor-element-aa3ead6 e-con-full e-flex e-con e-child\" data-id=\"aa3ead6\" data-element_type=\"container\" data-e-type=\"container\">\n\t\t\t\t<div class=\"elementor-element elementor-element-1d8dd02 elementor-widget elementor-widget-text-editor\" data-id=\"1d8dd02\" data-element_type=\"widget\" data-e-type=\"widget\" data-widget_type=\"text-editor.default\">\n\t\t\t\t<div class=\"elementor-widget-container\">\n\t\t\t\t\t\t\t\t\t<p><strong>O\u00f9 se situe La Mansarde du Port ?<\/strong><\/p>\n<p>La Mansarde du Port est situ\u00e9e dans le quartier du Port \u00e0 Nice, au 20 rue Emmanuel Philibert, 06300 Nice.<br \/><a href=\"https:\/\/www.google.com\/maps\/place\/La+Mansarde+du+Port\/@43.6981706,7.2807606,17z\/data=!4m9!3m8!1s0x12cddbd77c103e15:0xb00d71b547ebff99!5m2!4m1!1i2!8m2!3d43.6981745!4d7.28296!16s%2Fg%2F11kqxdtjdb?entry=ttu&amp;g_ep=EgoyMDI1MTIwOS4wIKXMDSoASAFQAw%3D%3D\" target=\"_blank\" rel=\"nofollow noopener\">Voir sur Google Maps<\/a><\/p>\n<p><strong>L\u2019emplacement est-il central ?<\/strong><\/p>\n<p>Oui. Le quartier du Port est central et vivant, \u00e0 distance de marche du Vieux-Nice, du front de mer et des transports en commun.<\/p>\n<p><strong>Comment s\u2019y rendre depuis l\u2019a\u00e9roport ou la gare ?<\/strong><\/p>\n<p>Des transports en commun sont disponibles depuis l\u2019a\u00e9roport de Nice et la gare de Nice-Ville via le tramway. La ligne n\u00b02 du tramway assure une liaison ouest-est entre l\u2019a\u00e9roport et le port de Nice, situ\u00e9 \u00e0 150 m de l\u2019appartement.<br \/><a href=\"https:\/\/www.explorenicecotedazur.com\/en\/practical-information\/getting-around\/getting-around-by-bus-and-tramway\/\" target=\"_blank\" rel=\"noopener\">Les itin\u00e9raires d\u00e9taill\u00e9s sont disponibles sur ce site<\/a>.<\/p>\n\t\t\t\t\t\t\t\t<\/div>\n\t\t\t\t<\/div>\n\t\t\t\t<\/div>\n\t\t\t\t\t<\/details>\n\t\t\t\t\t\t<details id=\"e-n-accordion-item-1211\" class=\"e-n-accordion-item\" >\n\t\t\t\t<summary class=\"e-n-accordion-item-title\" data-accordion-index=\"2\" tabindex=\"-1\" aria-expanded=\"false\" aria-controls=\"e-n-accordion-item-1211\" >\n\t\t\t\t\t<span class='e-n-accordion-item-title-header'><div class=\"e-n-accordion-item-title-text\"> Arriv\u00e9e et acc\u00e8s <\/div><\/span>\n\t\t\t\t\t\t\t<span class='e-n-accordion-item-title-icon'>\n\t\t\t<span class='e-opened' ><svg aria-hidden=\"true\" class=\"e-font-icon-svg e-fas-minus\" viewBox=\"0 0 448 512\" xmlns=\"http:\/\/www.w3.org\/2000\/svg\"><path d=\"M416 208H32c-17.67 0-32 14.33-32 32v32c0 17.67 14.33 32 32 32h384c17.67 0 32-14.33 32-32v-32c0-17.67-14.33-32-32-32z\"><\/path><\/svg><\/span>\n\t\t\t<span class='e-closed'><svg aria-hidden=\"true\" class=\"e-font-icon-svg e-fas-plus\" viewBox=\"0 0 448 512\" xmlns=\"http:\/\/www.w3.org\/2000\/svg\"><path d=\"M416 208H272V64c0-17.67-14.33-32-32-32h-32c-17.67 0-32 14.33-32 32v144H32c-17.67 0-32 14.33-32 32v32c0 17.67 14.33 32 32 32h144v144c0 17.67 14.33 32 32 32h32c17.67 0 32-14.33 32-32V304h144c17.67 0 32-14.33 32-32v-32c0-17.67-14.33-32-32-32z\"><\/path><\/svg><\/span>\n\t\t<\/span>\n\n\t\t\t\t\t\t<\/summary>\n\t\t\t\t<div role=\"region\" aria-labelledby=\"e-n-accordion-item-1211\" class=\"elementor-element elementor-element-96373a9 e-con-full e-flex e-con e-child\" data-id=\"96373a9\" data-element_type=\"container\" data-e-type=\"container\">\n\t\t\t\t<div class=\"elementor-element elementor-element-b5223e4 elementor-widget elementor-widget-text-editor\" data-id=\"b5223e4\" data-element_type=\"widget\" data-e-type=\"widget\" data-widget_type=\"text-editor.default\">\n\t\t\t\t<div class=\"elementor-widget-container\">\n\t\t\t\t\t\t\t\t\t<p><strong>Comment se d\u00e9roule l\u2019arriv\u00e9e ?<\/strong><\/p>\n<p>L\u2019arriv\u00e9e se fait en toute autonomie. Vous acc\u00e9dez \u00e0 l\u2019appartement de mani\u00e8re ind\u00e9pendante \u00e0 l\u2019aide des cl\u00e9s.<\/p>\n<p><strong>Faut-il rencontrer quelqu\u2019un \u00e0 l\u2019arriv\u00e9e ?<\/strong><\/p>\n<p>Non. Il n\u2019y a pas d\u2019accueil en personne.<\/p>\n<p><strong>Quelles sont les heures officielles d\u2019arriv\u00e9e et de d\u00e9part ?<\/strong><\/p>\n<p>L\u2019arriv\u00e9e est possible \u00e0 partir de 17h. Le d\u00e9part se fait \u00e0 10h.<\/p>\n<p><strong>Puis-je laisser mes bagages avant l\u2019arriv\u00e9e ?<\/strong><\/p>\n<p>our des raisons d\u2019organisation, d\u2019hygi\u00e8ne et de s\u00e9curit\u00e9, nous ne pouvons pas stocker les bagages \u00e0 l\u2019int\u00e9rieur de l\u2019appartement avant l\u2019heure d&rsquo;arriv\u00e9e .<br \/>Un code de r\u00e9duction pour une consigne \u00e0 bagages toute proche est disponible une fois la r\u00e9servation confirm\u00e9e.<\/p>\n\t\t\t\t\t\t\t\t<\/div>\n\t\t\t\t<\/div>\n\t\t\t\t<\/div>\n\t\t\t\t\t<\/details>\n\t\t\t\t\t\t<details id=\"e-n-accordion-item-1212\" class=\"e-n-accordion-item\" >\n\t\t\t\t<summary class=\"e-n-accordion-item-title\" data-accordion-index=\"3\" tabindex=\"-1\" aria-expanded=\"false\" aria-controls=\"e-n-accordion-item-1212\" >\n\t\t\t\t\t<span class='e-n-accordion-item-title-header'><div class=\"e-n-accordion-item-title-text\"> Pendant votre s\u00e9jour <\/div><\/span>\n\t\t\t\t\t\t\t<span class='e-n-accordion-item-title-icon'>\n\t\t\t<span class='e-opened' ><svg aria-hidden=\"true\" class=\"e-font-icon-svg e-fas-minus\" viewBox=\"0 0 448 512\" xmlns=\"http:\/\/www.w3.org\/2000\/svg\"><path d=\"M416 208H32c-17.67 0-32 14.33-32 32v32c0 17.67 14.33 32 32 32h384c17.67 0 32-14.33 32-32v-32c0-17.67-14.33-32-32-32z\"><\/path><\/svg><\/span>\n\t\t\t<span class='e-closed'><svg aria-hidden=\"true\" class=\"e-font-icon-svg e-fas-plus\" viewBox=\"0 0 448 512\" xmlns=\"http:\/\/www.w3.org\/2000\/svg\"><path d=\"M416 208H272V64c0-17.67-14.33-32-32-32h-32c-17.67 0-32 14.33-32 32v144H32c-17.67 0-32 14.33-32 32v32c0 17.67 14.33 32 32 32h144v144c0 17.67 14.33 32 32 32h32c17.67 0 32-14.33 32-32V304h144c17.67 0 32-14.33 32-32v-32c0-17.67-14.33-32-32-32z\"><\/path><\/svg><\/span>\n\t\t<\/span>\n\n\t\t\t\t\t\t<\/summary>\n\t\t\t\t<div role=\"region\" aria-labelledby=\"e-n-accordion-item-1212\" class=\"elementor-element elementor-element-b025a51 e-con-full e-flex e-con e-child\" data-id=\"b025a51\" data-element_type=\"container\" data-e-type=\"container\">\n\t\t\t\t<div class=\"elementor-element elementor-element-18eab30 elementor-widget elementor-widget-text-editor\" data-id=\"18eab30\" data-element_type=\"widget\" data-e-type=\"widget\" data-widget_type=\"text-editor.default\">\n\t\t\t\t<div class=\"elementor-widget-container\">\n\t\t\t\t\t\t\t\t\t<p><strong>Les espaces communs sont-ils partag\u00e9s ?<\/strong><br \/>Oui. La cuisine et le salon sont partag\u00e9s avec les autres personnes h\u00e9berg\u00e9es.<\/p>\n<p><strong>Jusqu\u2019\u00e0 quelle heure puis-je utiliser les espaces communs ?<\/strong><br \/>Les espaces communs sont accessibles jusqu\u2019\u00e0 <strong>22h<\/strong>.<\/p>\n<p><strong>Y a-t-il la climatisation ?<\/strong><br \/>Oui. L\u2019appartement est \u00e9quip\u00e9 de la climatisation, r\u00e9gl\u00e9e \u00e0 <strong>24\u00b0C (76\u00b0F)<\/strong>. La temp\u00e9rature ne peut pas \u00eatre modifi\u00e9e.<\/p>\n<p><strong>Le Wi-Fi est-il disponible ?<\/strong><br \/>Oui. Le Wi-Fi est disponible. Les informations de connexion sont communiqu\u00e9es apr\u00e8s l\u2019arriv\u00e9e.<\/p>\n<p><strong>Dois-je fermer les fen\u00eatres lorsque je sors ?<\/strong><br \/>Oui. Merci de fermer les fen\u00eatres en quittant l\u2019appartement, en particulier si la m\u00e9t\u00e9o est incertaine.<br \/> \u00c0 Nice, la pluie peut \u00eatre soudaine et intense, et les appartements situ\u00e9s aux \u00e9tages inf\u00e9rieurs peuvent \u00eatre inond\u00e9s en quelques minutes. Les personnes h\u00e9berg\u00e9es sont responsables des \u00e9ventuels dommages caus\u00e9s.<\/p>\n\t\t\t\t\t\t\t\t<\/div>\n\t\t\t\t<\/div>\n\t\t\t\t<\/div>\n\t\t\t\t\t<\/details>\n\t\t\t\t\t\t<details id=\"e-n-accordion-item-1213\" class=\"e-n-accordion-item\" >\n\t\t\t\t<summary class=\"e-n-accordion-item-title\" data-accordion-index=\"4\" tabindex=\"-1\" aria-expanded=\"false\" aria-controls=\"e-n-accordion-item-1213\" >\n\t\t\t\t\t<span class='e-n-accordion-item-title-header'><div class=\"e-n-accordion-item-title-text\"> Ce qui est fourni <\/div><\/span>\n\t\t\t\t\t\t\t<span class='e-n-accordion-item-title-icon'>\n\t\t\t<span class='e-opened' ><svg aria-hidden=\"true\" class=\"e-font-icon-svg e-fas-minus\" viewBox=\"0 0 448 512\" xmlns=\"http:\/\/www.w3.org\/2000\/svg\"><path d=\"M416 208H32c-17.67 0-32 14.33-32 32v32c0 17.67 14.33 32 32 32h384c17.67 0 32-14.33 32-32v-32c0-17.67-14.33-32-32-32z\"><\/path><\/svg><\/span>\n\t\t\t<span class='e-closed'><svg aria-hidden=\"true\" class=\"e-font-icon-svg e-fas-plus\" viewBox=\"0 0 448 512\" xmlns=\"http:\/\/www.w3.org\/2000\/svg\"><path d=\"M416 208H272V64c0-17.67-14.33-32-32-32h-32c-17.67 0-32 14.33-32 32v144H32c-17.67 0-32 14.33-32 32v32c0 17.67 14.33 32 32 32h144v144c0 17.67 14.33 32 32 32h32c17.67 0 32-14.33 32-32V304h144c17.67 0 32-14.33 32-32v-32c0-17.67-14.33-32-32-32z\"><\/path><\/svg><\/span>\n\t\t<\/span>\n\n\t\t\t\t\t\t<\/summary>\n\t\t\t\t<div role=\"region\" aria-labelledby=\"e-n-accordion-item-1213\" class=\"elementor-element elementor-element-a1abb40 e-con-full e-flex e-con e-child\" data-id=\"a1abb40\" data-element_type=\"container\" data-e-type=\"container\">\n\t\t\t\t<div class=\"elementor-element elementor-element-931fc3b elementor-widget elementor-widget-text-editor\" data-id=\"931fc3b\" data-element_type=\"widget\" data-e-type=\"widget\" data-widget_type=\"text-editor.default\">\n\t\t\t\t<div class=\"elementor-widget-container\">\n\t\t\t\t\t\t\t\t\t<p><strong>Le linge de lit et les serviettes sont-ils fournis ?<\/strong><br \/> Oui. Le linge de lit et les serviettes de bain propres sont fournis \u00e0 l\u2019arriv\u00e9e. Les serviettes ne sont pas chang\u00e9es pendant le s\u00e9jour.<\/p>\n<p><strong>Les produits de toilette sont-ils fournis ?<\/strong><br \/> Du savon pour les mains, du shampoing \/ gel douche et du papier toilette sont mis \u00e0 disposition.<\/p>\n<p><strong>La chambre est-elle nettoy\u00e9e pendant le s\u00e9jour ?<\/strong><br \/> Non. Les chambres ne sont pas nettoy\u00e9es pendant le s\u00e9jour.<\/p>\n<p><strong>Qu\u2019est-ce qui est disponible dans la cuisine ?<\/strong><br \/> Chaque personne h\u00e9berg\u00e9e dispose d\u2019une \u00e9tag\u00e8re d\u00e9di\u00e9e dans le r\u00e9frig\u00e9rateur. Des produits de base peuvent \u00eatre disponibles dans la cuisine partag\u00e9e. Il est demand\u00e9 de les remplacer s\u2019ils sont termin\u00e9s.<\/p>\n\t\t\t\t\t\t\t\t<\/div>\n\t\t\t\t<\/div>\n\t\t\t\t<\/div>\n\t\t\t\t\t<\/details>\n\t\t\t\t\t\t<details id=\"e-n-accordion-item-1214\" class=\"e-n-accordion-item\" >\n\t\t\t\t<summary class=\"e-n-accordion-item-title\" data-accordion-index=\"5\" tabindex=\"-1\" aria-expanded=\"false\" aria-controls=\"e-n-accordion-item-1214\" >\n\t\t\t\t\t<span class='e-n-accordion-item-title-header'><div class=\"e-n-accordion-item-title-text\"> R\u00e8glement int\u00e9rieur <\/div><\/span>\n\t\t\t\t\t\t\t<span class='e-n-accordion-item-title-icon'>\n\t\t\t<span class='e-opened' ><svg aria-hidden=\"true\" class=\"e-font-icon-svg e-fas-minus\" viewBox=\"0 0 448 512\" xmlns=\"http:\/\/www.w3.org\/2000\/svg\"><path d=\"M416 208H32c-17.67 0-32 14.33-32 32v32c0 17.67 14.33 32 32 32h384c17.67 0 32-14.33 32-32v-32c0-17.67-14.33-32-32-32z\"><\/path><\/svg><\/span>\n\t\t\t<span class='e-closed'><svg aria-hidden=\"true\" class=\"e-font-icon-svg e-fas-plus\" viewBox=\"0 0 448 512\" xmlns=\"http:\/\/www.w3.org\/2000\/svg\"><path d=\"M416 208H272V64c0-17.67-14.33-32-32-32h-32c-17.67 0-32 14.33-32 32v144H32c-17.67 0-32 14.33-32 32v32c0 17.67 14.33 32 32 32h144v144c0 17.67 14.33 32 32 32h32c17.67 0 32-14.33 32-32V304h144c17.67 0 32-14.33 32-32v-32c0-17.67-14.33-32-32-32z\"><\/path><\/svg><\/span>\n\t\t<\/span>\n\n\t\t\t\t\t\t<\/summary>\n\t\t\t\t<div role=\"region\" aria-labelledby=\"e-n-accordion-item-1214\" class=\"elementor-element elementor-element-a15e18b e-con-full e-flex e-con e-child\" data-id=\"a15e18b\" data-element_type=\"container\" data-e-type=\"container\">\n\t\t\t\t<div class=\"elementor-element elementor-element-2fab294 elementor-widget elementor-widget-text-editor\" data-id=\"2fab294\" data-element_type=\"widget\" data-e-type=\"widget\" data-widget_type=\"text-editor.default\">\n\t\t\t\t<div class=\"elementor-widget-container\">\n\t\t\t\t\t\t\t\t\t<p>Il est demand\u00e9 aux personnes h\u00e9berg\u00e9es de respecter les espaces communs et les autres occupants.<\/p>\n<p><strong>Y a-t-il des horaires de calme ?<\/strong><br \/>Oui. L\u2019immeuble est ancien et les sons se propagent facilement. Il est demand\u00e9 de limiter le bruit, en particulier en soir\u00e9e.<br \/>La cuisine et le salon sont accessibles jusqu\u2019\u00e0 <strong>22h<\/strong>.<\/p>\n<p><strong>Puis-je recevoir des visiteurs ?<\/strong><br \/>Non. L\u2019appartement est strictement r\u00e9serv\u00e9 aux personnes enregistr\u00e9es.<\/p>\n<p><strong>Est-il permis de fumer ?<\/strong><br \/>Non. Il est interdit de fumer \u00e0 l\u2019int\u00e9rieur de l\u2019appartement, y compris aux fen\u00eatres des chambres.<\/p>\n<p><strong>Dois-je fermer les fen\u00eatres lorsque je sors ?<\/strong><br \/>Oui, merci de fermer toutes les fen\u00eatres en quittant l\u2019appartement. \u00c0 Nice, la pluie peut \u00eatre soudaine et intense, et les appartements des \u00e9tages inf\u00e9rieurs peuvent \u00eatre inond\u00e9s en quelques minutes. Les personnes h\u00e9berg\u00e9es sont responsables des \u00e9ventuels dommages caus\u00e9s. En cas de changement de m\u00e9t\u00e9o, merci de v\u00e9rifier \u00e9galement les fen\u00eatres de la cuisine.<\/p>\n<p><strong>Puis-je laisser la climatisation ou le chauffage allum\u00e9s en mon absence ?<\/strong><br \/>Non. Merci d\u2019\u00e9teindre la climatisation ou le chauffage lorsque vous quittez l\u2019appartement, et de ne pas les utiliser lorsque les fen\u00eatres sont ouvertes.<\/p>\n<p><strong>Dois-je \u00e9teindre les lumi\u00e8res en quittant une pi\u00e8ce ?<\/strong><br \/>Oui. Merci d\u2019\u00e9teindre les lumi\u00e8res lorsque vous quittez une pi\u00e8ce.<\/p>\n\t\t\t\t\t\t\t\t<\/div>\n\t\t\t\t<\/div>\n\t\t\t\t<\/div>\n\t\t\t\t\t<\/details>\n\t\t\t\t\t\t<details id=\"e-n-accordion-item-1215\" class=\"e-n-accordion-item\" >\n\t\t\t\t<summary class=\"e-n-accordion-item-title\" data-accordion-index=\"6\" tabindex=\"-1\" aria-expanded=\"false\" aria-controls=\"e-n-accordion-item-1215\" >\n\t\t\t\t\t<span class='e-n-accordion-item-title-header'><div class=\"e-n-accordion-item-title-text\"> Bon \u00e0 savoir <\/div><\/span>\n\t\t\t\t\t\t\t<span class='e-n-accordion-item-title-icon'>\n\t\t\t<span class='e-opened' ><svg aria-hidden=\"true\" class=\"e-font-icon-svg e-fas-minus\" viewBox=\"0 0 448 512\" xmlns=\"http:\/\/www.w3.org\/2000\/svg\"><path d=\"M416 208H32c-17.67 0-32 14.33-32 32v32c0 17.67 14.33 32 32 32h384c17.67 0 32-14.33 32-32v-32c0-17.67-14.33-32-32-32z\"><\/path><\/svg><\/span>\n\t\t\t<span class='e-closed'><svg aria-hidden=\"true\" class=\"e-font-icon-svg e-fas-plus\" viewBox=\"0 0 448 512\" xmlns=\"http:\/\/www.w3.org\/2000\/svg\"><path d=\"M416 208H272V64c0-17.67-14.33-32-32-32h-32c-17.67 0-32 14.33-32 32v144H32c-17.67 0-32 14.33-32 32v32c0 17.67 14.33 32 32 32h144v144c0 17.67 14.33 32 32 32h32c17.67 0 32-14.33 32-32V304h144c17.67 0 32-14.33 32-32v-32c0-17.67-14.33-32-32-32z\"><\/path><\/svg><\/span>\n\t\t<\/span>\n\n\t\t\t\t\t\t<\/summary>\n\t\t\t\t<div role=\"region\" aria-labelledby=\"e-n-accordion-item-1215\" class=\"elementor-element elementor-element-fe6920f e-con-full e-flex e-con e-child\" data-id=\"fe6920f\" data-element_type=\"container\" data-e-type=\"container\">\n\t\t\t\t<div class=\"elementor-element elementor-element-1ae024f elementor-widget elementor-widget-text-editor\" data-id=\"1ae024f\" data-element_type=\"widget\" data-e-type=\"widget\" data-widget_type=\"text-editor.default\">\n\t\t\t\t<div class=\"elementor-widget-container\">\n\t\t\t\t\t\t\t\t\t<p><strong>S\u2019agit-il d\u2019un h\u00f4tel ?<\/strong><br \/> Non. La Mansarde du Port est un appartement partag\u00e9 avec des chambres priv\u00e9es, et non un h\u00f4tel.<\/p>\n<p><strong>L\u2019immeuble est-il ancien ?<\/strong><br \/> Oui. Il s\u2019agit d\u2019un appartement mansard\u00e9 situ\u00e9 dans un immeuble ancien, qui peut \u00eatre plus chaud en \u00e9t\u00e9 et o\u00f9 les bruits se propagent plus facilement.<\/p>\n<p><strong>Cet h\u00e9bergement convient-il \u00e0 tout le monde ?<\/strong><br \/> Cet h\u00e9bergement est particuli\u00e8rement adapt\u00e9 aux personnes autonomes, \u00e0 l\u2019aise avec les espaces partag\u00e9s et l\u2019acc\u00e8s en autonomie.<\/p>\n\t\t\t\t\t\t\t\t<\/div>\n\t\t\t\t<\/div>\n\t\t\t\t<\/div>\n\t\t\t\t\t<\/details>\n\t\t\t\t\t<\/div>\n\t\t\t\t\t\t<\/div>\n\t\t\t\t<\/div>\n\t\t\t\t\t<\/div>\n\t\t\t\t<\/div>\n\t\t\t\t<\/div>\n\t\t","protected":false},"excerpt":{"rendered":"<p>Informations utiles 1. Avant votre arriv\u00e9e O\u00f9 se situe La Mansarde du Port ? La Mansarde du Port est situ\u00e9e dans le quartier du Port \u00e0 Nice, au 20 rue Emmanuel Philibert, 06300 Nice.Voir sur Google Maps L\u2019emplacement est-il central ? Oui. Le quartier du Port est central et vivant, \u00e0 distance de marche du [&hellip;]<\/p>\n","protected":false},"author":1,"featured_media":0,"parent":0,"menu_order":0,"comment_status":"closed","ping_status":"closed","template":"elementor_header_footer","meta":{"_acf_changed":false,"footnotes":""},"class_list":["post-671","page","type-page","status-publish","hentry"],"acf":[],"_links":{"self":[{"href":"https:\/\/www.lamansardeduport.com\/fr\/wp-json\/wp\/v2\/pages\/671","targetHints":{"allow":["GET"]}}],"collection":[{"href":"https:\/\/www.lamansardeduport.com\/fr\/wp-json\/wp\/v2\/pages"}],"about":[{"href":"https:\/\/www.lamansardeduport.com\/fr\/wp-json\/wp\/v2\/types\/page"}],"author":[{"embeddable":true,"href":"https:\/\/www.lamansardeduport.com\/fr\/wp-json\/wp\/v2\/users\/1"}],"replies":[{"embeddable":true,"href":"https:\/\/www.lamansardeduport.com\/fr\/wp-json\/wp\/v2\/comments?post=671"}],"version-history":[{"count":2,"href":"https:\/\/www.lamansardeduport.com\/fr\/wp-json\/wp\/v2\/pages\/671\/revisions"}],"predecessor-version":[{"id":766,"href":"https:\/\/www.lamansardeduport.com\/fr\/wp-json\/wp\/v2\/pages\/671\/revisions\/766"}],"wp:attachment":[{"href":"https:\/\/www.lamansardeduport.com\/fr\/wp-json\/wp\/v2\/media?parent=671"}],"curies":[{"name":"wp","href":"https:\/\/api.w.org\/{rel}","templated":true}]}}