{"id":659,"date":"2025-12-26T20:34:57","date_gmt":"2025-12-26T20:34:57","guid":{"rendered":"https:\/\/staging2.avedia.fr\/a-propos-de-la-mansarde\/"},"modified":"2026-02-04T13:51:40","modified_gmt":"2026-02-04T13:51:40","slug":"a-propos-de-la-mansarde","status":"publish","type":"page","link":"https:\/\/www.lamansardeduport.com\/fr\/a-propos-de-la-mansarde\/","title":{"rendered":"A propos de La Mansarde"},"content":{"rendered":"\t\t<div data-elementor-type=\"wp-page\" data-elementor-id=\"659\" class=\"elementor elementor-659 elementor-206\" data-elementor-post-type=\"page\">\n\t\t\t\t<div class=\"elementor-element elementor-element-79943c1 e-flex e-con-boxed elementor-invisible e-con e-parent\" data-id=\"79943c1\" data-element_type=\"container\" data-e-type=\"container\" data-settings=\"{&quot;animation&quot;:&quot;fadeIn&quot;,&quot;background_background&quot;:&quot;classic&quot;}\">\n\t\t\t\t\t<div class=\"e-con-inner\">\n\t\t\t\t\t<\/div>\n\t\t\t\t<\/div>\n\t\t<div class=\"elementor-element elementor-element-1513625 e-flex e-con-boxed elementor-invisible e-con e-parent\" data-id=\"1513625\" data-element_type=\"container\" data-e-type=\"container\" data-settings=\"{&quot;animation&quot;:&quot;fadeIn&quot;}\">\n\t\t\t\t\t<div class=\"e-con-inner\">\n\t\t<div class=\"elementor-element elementor-element-4ebb7d0 e-flex e-con-boxed e-con e-child\" data-id=\"4ebb7d0\" data-element_type=\"container\" data-e-type=\"container\">\n\t\t\t\t\t<div class=\"e-con-inner\">\n\t\t\t\t<div class=\"elementor-element elementor-element-129f690 elementor-widget elementor-widget-image\" data-id=\"129f690\" data-element_type=\"widget\" data-e-type=\"widget\" data-widget_type=\"image.default\">\n\t\t\t\t<div class=\"elementor-widget-container\">\n\t\t\t\t\t\t\t\t\t\t\t\t\t\t\t<img decoding=\"async\" width=\"1\" height=\"1\" src=\"https:\/\/www.lamansardeduport.com\/wp-content\/uploads\/2025\/12\/icon-roof.svg\" class=\"attachment-large size-large wp-image-668\" alt=\"\" \/>\t\t\t\t\t\t\t\t\t\t\t\t\t\t\t<\/div>\n\t\t\t\t<\/div>\n\t\t\t\t<div class=\"elementor-element elementor-element-ee2a965 elementor-widget elementor-widget-heading\" data-id=\"ee2a965\" data-element_type=\"widget\" data-e-type=\"widget\" data-widget_type=\"heading.default\">\n\t\t\t\t<div class=\"elementor-widget-container\">\n\t\t\t\t\t<h1 class=\"elementor-heading-title elementor-size-default\">La mansarde du port<\/h1>\t\t\t\t<\/div>\n\t\t\t\t<\/div>\n\t\t\t\t<div class=\"elementor-element elementor-element-7539d49 elementor-widget elementor-widget-text-editor\" data-id=\"7539d49\" data-element_type=\"widget\" data-e-type=\"widget\" data-widget_type=\"text-editor.default\">\n\t\t\t\t<div class=\"elementor-widget-container\">\n\t\t\t\t\t\t\t\t\t<p><strong>Un cocon au-dessus des toits de Nice<\/strong><\/p>\n<p>La Mansarde du Port est un h\u00e9bergement ind\u00e9pendant de petite taille, situ\u00e9 au dernier \u00e9tage d\u2019un immeuble historique du quartier du Port \u00e0 Nice. Install\u00e9 sous les toits, l\u2019appartement propose des chambres priv\u00e9es au sein d\u2019un espace de vie partag\u00e9, pens\u00e9 pour des personnes en s\u00e9jour \u00e0 la recherche d\u2019un h\u00e9bergement simple, bien situ\u00e9 et abordable.<\/p>\n<p>L\u2019immeuble date du XVIII\u1d49 si\u00e8cle et refl\u00e8te le caract\u00e8re du quartier : authentique, loin des environnements h\u00f4teliers standardis\u00e9s.<\/p>\n<p><strong>Une mani\u00e8re pratique de s\u00e9journer en ville<\/strong><\/p>\n<p>La Mansarde du Port n\u2019est pas un h\u00f4tel. Il s\u2019agit d\u2019un appartement partag\u00e9 avec des chambres priv\u00e9es, des espaces communs et un syst\u00e8me d\u2019arriv\u00e9e autonome. Le concept est volontairement simple :\u2028 offrir un lieu confortable pour dormir, se reposer et vivre en toute autonomie, en plein centre-ville.<br \/>Les personnes h\u00e9berg\u00e9es partagent la cuisine, le salon et les salles de bain, dans un esprit qui se rapproche davantage d\u2019un lieu de vie temporaire que d\u2019un h\u00e9bergement touristique classique.<\/p>\n\t\t\t\t\t\t\t\t<\/div>\n\t\t\t\t<\/div>\n\t\t\t\t\t<\/div>\n\t\t\t\t<\/div>\n\t\t<div class=\"elementor-element elementor-element-babf3a1 e-con-full e-flex e-con e-child\" data-id=\"babf3a1\" data-element_type=\"container\" data-e-type=\"container\" data-settings=\"{&quot;background_background&quot;:&quot;classic&quot;}\">\n\t\t\t\t<\/div>\n\t\t\t\t\t<\/div>\n\t\t\t\t<\/div>\n\t\t<div class=\"elementor-element elementor-element-55db6c3 e-flex e-con-boxed elementor-invisible e-con e-parent\" data-id=\"55db6c3\" data-element_type=\"container\" data-e-type=\"container\" data-settings=\"{&quot;animation&quot;:&quot;fadeIn&quot;}\">\n\t\t\t\t\t<div class=\"e-con-inner\">\n\t\t<div class=\"elementor-element elementor-element-b7e714a e-con-full e-flex e-con e-child\" data-id=\"b7e714a\" data-element_type=\"container\" data-e-type=\"container\" data-settings=\"{&quot;background_background&quot;:&quot;classic&quot;}\">\n\t\t\t\t<\/div>\n\t\t<div class=\"elementor-element elementor-element-353dd6b e-con-full e-flex e-con e-child\" data-id=\"353dd6b\" data-element_type=\"container\" data-e-type=\"container\" data-settings=\"{&quot;background_background&quot;:&quot;classic&quot;}\">\n\t\t<div class=\"elementor-element elementor-element-0ad8df2 e-con-full e-flex e-con e-child\" data-id=\"0ad8df2\" data-element_type=\"container\" data-e-type=\"container\">\n\t\t\t\t<div class=\"elementor-element elementor-element-9b917ff elementor-widget__width-auto animated-fast elementor-invisible elementor-widget elementor-widget-image\" data-id=\"9b917ff\" data-element_type=\"widget\" data-e-type=\"widget\" data-settings=\"{&quot;_animation&quot;:&quot;fadeIn&quot;}\" data-widget_type=\"image.default\">\n\t\t\t\t<div class=\"elementor-widget-container\">\n\t\t\t\t\t\t\t\t\t\t\t\t\t\t\t<img decoding=\"async\" src=\"https:\/\/www.lamansardeduport.com\/wp-content\/uploads\/2025\/12\/icon-boat.svg\" class=\"attachment-full size-full wp-image-665\" alt=\"\" \/>\t\t\t\t\t\t\t\t\t\t\t\t\t\t\t<\/div>\n\t\t\t\t<\/div>\n\t\t\t\t<div class=\"elementor-element elementor-element-196cee2 elementor-widget__width-auto animated-fast elementor-invisible elementor-widget elementor-widget-image\" data-id=\"196cee2\" data-element_type=\"widget\" data-e-type=\"widget\" data-settings=\"{&quot;_animation&quot;:&quot;fadeIn&quot;,&quot;_animation_delay&quot;:250}\" data-widget_type=\"image.default\">\n\t\t\t\t<div class=\"elementor-widget-container\">\n\t\t\t\t\t\t\t\t\t\t\t\t\t\t\t<img decoding=\"async\" src=\"https:\/\/www.lamansardeduport.com\/wp-content\/uploads\/2025\/12\/icon-drink.svg\" class=\"attachment-full size-full wp-image-666\" alt=\"\" \/>\t\t\t\t\t\t\t\t\t\t\t\t\t\t\t<\/div>\n\t\t\t\t<\/div>\n\t\t\t\t<div class=\"elementor-element elementor-element-fa56dfc elementor-widget__width-auto animated-fast elementor-invisible elementor-widget elementor-widget-image\" data-id=\"fa56dfc\" data-element_type=\"widget\" data-e-type=\"widget\" data-settings=\"{&quot;_animation&quot;:&quot;fadeIn&quot;,&quot;_animation_delay&quot;:500}\" data-widget_type=\"image.default\">\n\t\t\t\t<div class=\"elementor-widget-container\">\n\t\t\t\t\t\t\t\t\t\t\t\t\t\t\t<img decoding=\"async\" src=\"https:\/\/www.lamansardeduport.com\/wp-content\/uploads\/2025\/12\/icon-tram.svg\" class=\"attachment-full size-full wp-image-669\" alt=\"\" \/>\t\t\t\t\t\t\t\t\t\t\t\t\t\t\t<\/div>\n\t\t\t\t<\/div>\n\t\t\t\t<div class=\"elementor-element elementor-element-a8bbc42 elementor-widget__width-auto animated-fast elementor-invisible elementor-widget elementor-widget-image\" data-id=\"a8bbc42\" data-element_type=\"widget\" data-e-type=\"widget\" data-settings=\"{&quot;_animation&quot;:&quot;fadeIn&quot;,&quot;_animation_delay&quot;:750}\" data-widget_type=\"image.default\">\n\t\t\t\t<div class=\"elementor-widget-container\">\n\t\t\t\t\t\t\t\t\t\t\t\t\t\t\t<img decoding=\"async\" src=\"https:\/\/www.lamansardeduport.com\/wp-content\/uploads\/2025\/12\/icon-beach.svg\" class=\"attachment-full size-full wp-image-664\" alt=\"\" \/>\t\t\t\t\t\t\t\t\t\t\t\t\t\t\t<\/div>\n\t\t\t\t<\/div>\n\t\t\t\t<div class=\"elementor-element elementor-element-4edf3f5 elementor-widget__width-auto animated-fast elementor-invisible elementor-widget elementor-widget-image\" data-id=\"4edf3f5\" data-element_type=\"widget\" data-e-type=\"widget\" data-settings=\"{&quot;_animation&quot;:&quot;fadeIn&quot;,&quot;_animation_delay&quot;:1000}\" data-widget_type=\"image.default\">\n\t\t\t\t<div class=\"elementor-widget-container\">\n\t\t\t\t\t\t\t\t\t\t\t\t\t\t\t<img decoding=\"async\" src=\"https:\/\/www.lamansardeduport.com\/wp-content\/uploads\/2025\/12\/icon-restaurant.svg\" class=\"attachment-full size-full wp-image-667\" alt=\"\" \/>\t\t\t\t\t\t\t\t\t\t\t\t\t\t\t<\/div>\n\t\t\t\t<\/div>\n\t\t\t\t<\/div>\n\t\t\t\t<div class=\"elementor-element elementor-element-be5672f elementor-widget elementor-widget-text-editor\" data-id=\"be5672f\" data-element_type=\"widget\" data-e-type=\"widget\" data-widget_type=\"text-editor.default\">\n\t\t\t\t<div class=\"elementor-widget-container\">\n\t\t\t\t\t\t\t\t\t<p><strong>Un quartier qui cr\u00e9\u00e9 l\u2019exp\u00e9rience<\/strong><\/p>\n<p>Situ\u00e9 dans le quartier du Port \u00e0 Nice, l\u2019appartement est entour\u00e9 de restaurants, de caf\u00e9s, de commerces et du front de mer. Le Vieux-Nice, les plages et le tramway sont accessibles \u00e0 pied.<br \/> Le quartier est tr\u00e8s anim\u00e9 en journ\u00e9e et en d\u00e9but de soir\u00e9e, refl\u00e9tant la vie quotidienne ni\u00e7oise et n&rsquo;est pas qu\u2019une zone exclusivement touristique.<\/p>\n\t\t\t\t\t\t\t\t<\/div>\n\t\t\t\t<\/div>\n\t\t\t\t<\/div>\n\t\t\t\t\t<\/div>\n\t\t\t\t<\/div>\n\t\t<div class=\"elementor-element elementor-element-129ae0a animated-slow e-flex e-con-boxed elementor-invisible e-con e-parent\" data-id=\"129ae0a\" data-element_type=\"container\" data-e-type=\"container\" data-settings=\"{&quot;animation&quot;:&quot;fadeInUp&quot;}\">\n\t\t\t\t\t<div class=\"e-con-inner\">\n\t\t\t\t<div class=\"elementor-element elementor-element-a606185 elementor-widget elementor-widget-heading\" data-id=\"a606185\" data-element_type=\"widget\" data-e-type=\"widget\" data-widget_type=\"heading.default\">\n\t\t\t\t<div class=\"elementor-widget-container\">\n\t\t\t\t\t<h2 class=\"elementor-heading-title elementor-size-default\">Une approche simple et sinc\u00e8re de l'accueil<\/h2>\t\t\t\t<\/div>\n\t\t\t\t<\/div>\n\t\t\t\t<div class=\"elementor-element elementor-element-9c32f43 elementor-widget elementor-widget-text-editor\" data-id=\"9c32f43\" data-element_type=\"widget\" data-e-type=\"widget\" data-widget_type=\"text-editor.default\">\n\t\t\t\t<div class=\"elementor-widget-container\">\n\t\t\t\t\t\t\t\t\t<p>\u00c0 La Mansarde du Port, les choses sont claires d\u00e8s le d\u00e9part.<\/p>\n<p>Un vrai appartement, des espaces partag\u00e9s et un emplacement central, \u00e0 un prix juste.<\/p>\n<p><strong>Pas de services cach\u00e9s, pas de promesses excessives.<\/strong><\/p>\n\t\t\t\t\t\t\t\t<\/div>\n\t\t\t\t<\/div>\n\t\t\t\t\t<\/div>\n\t\t\t\t<\/div>\n\t\t\t\t<\/div>\n\t\t","protected":false},"excerpt":{"rendered":"<p>La mansarde du port Un cocon au-dessus des toits de Nice La Mansarde du Port est un h\u00e9bergement ind\u00e9pendant de petite taille, situ\u00e9 au dernier \u00e9tage d\u2019un immeuble historique du quartier du Port \u00e0 Nice. Install\u00e9 sous les toits, l\u2019appartement propose des chambres priv\u00e9es au sein d\u2019un espace de vie partag\u00e9, pens\u00e9 pour des personnes [&hellip;]<\/p>\n","protected":false},"author":1,"featured_media":0,"parent":0,"menu_order":0,"comment_status":"closed","ping_status":"closed","template":"elementor_header_footer","meta":{"_acf_changed":false,"footnotes":""},"class_list":["post-659","page","type-page","status-publish","hentry"],"acf":[],"_links":{"self":[{"href":"https:\/\/www.lamansardeduport.com\/fr\/wp-json\/wp\/v2\/pages\/659","targetHints":{"allow":["GET"]}}],"collection":[{"href":"https:\/\/www.lamansardeduport.com\/fr\/wp-json\/wp\/v2\/pages"}],"about":[{"href":"https:\/\/www.lamansardeduport.com\/fr\/wp-json\/wp\/v2\/types\/page"}],"author":[{"embeddable":true,"href":"https:\/\/www.lamansardeduport.com\/fr\/wp-json\/wp\/v2\/users\/1"}],"replies":[{"embeddable":true,"href":"https:\/\/www.lamansardeduport.com\/fr\/wp-json\/wp\/v2\/comments?post=659"}],"version-history":[{"count":1,"href":"https:\/\/www.lamansardeduport.com\/fr\/wp-json\/wp\/v2\/pages\/659\/revisions"}],"predecessor-version":[{"id":670,"href":"https:\/\/www.lamansardeduport.com\/fr\/wp-json\/wp\/v2\/pages\/659\/revisions\/670"}],"wp:attachment":[{"href":"https:\/\/www.lamansardeduport.com\/fr\/wp-json\/wp\/v2\/media?parent=659"}],"curies":[{"name":"wp","href":"https:\/\/api.w.org\/{rel}","templated":true}]}}