{"id":604,"date":"2025-12-26T14:34:13","date_gmt":"2025-12-26T14:34:13","guid":{"rendered":"https:\/\/staging2.avedia.fr\/accueil\/"},"modified":"2026-02-04T13:55:00","modified_gmt":"2026-02-04T13:55:00","slug":"accueil","status":"publish","type":"page","link":"https:\/\/www.lamansardeduport.com\/fr\/","title":{"rendered":"Accueil"},"content":{"rendered":"\t\t<div data-elementor-type=\"wp-post\" data-elementor-id=\"604\" class=\"elementor elementor-604 elementor-5\" data-elementor-post-type=\"page\">\n\t\t\t\t<div class=\"elementor-element elementor-element-311d870 e-con-full e-flex e-con e-parent\" data-id=\"311d870\" data-element_type=\"container\" data-settings=\"{&quot;background_background&quot;:&quot;video&quot;,&quot;background_video_link&quot;:&quot;https:\\\/\\\/www.youtube.com\\\/watch?v=t5XBeEqht24&quot;,&quot;background_play_on_mobile&quot;:&quot;yes&quot;,&quot;background_video_start&quot;:1}\">\n\t\t<div class=\"elementor-background-video-container\" aria-hidden=\"true\">\n\t\t\t\t\t\t\t<div class=\"elementor-background-video-embed\"><\/div>\n\t\t\t\t\t\t<\/div>\t\t<div class=\"elementor-element elementor-element-065a29b animated-slow elementor-invisible elementor-widget elementor-widget-image\" data-id=\"065a29b\" data-element_type=\"widget\" data-settings=\"{&quot;_animation&quot;:&quot;fadeIn&quot;,&quot;_animation_delay&quot;:500}\" data-widget_type=\"image.default\">\n\t\t\t\t<div class=\"elementor-widget-container\">\n\t\t\t\t\t\t\t\t\t\t\t\t\t\t\t<img decoding=\"async\" width=\"1\" height=\"1\" src=\"https:\/\/www.lamansardeduport.com\/wp-content\/uploads\/2025\/12\/la-mansarde-text-big.svg\" class=\"attachment-large size-large wp-image-608\" alt=\"\" \/>\t\t\t\t\t\t\t\t\t\t\t\t\t\t\t<\/div>\n\t\t\t\t<\/div>\n\t\t\t\t<\/div>\n\t\t<div class=\"elementor-element elementor-element-f1b9fd1 e-con-full e-flex e-con e-parent\" data-id=\"f1b9fd1\" data-element_type=\"container\">\n\t\t\t\t<div class=\"elementor-element elementor-element-5c1bb38 elementor-widget elementor-widget-button\" data-id=\"5c1bb38\" data-element_type=\"widget\" data-widget_type=\"button.default\">\n\t\t\t\t<div class=\"elementor-widget-container\">\n\t\t\t\t\t\t\t\t\t<div class=\"elementor-button-wrapper\">\n\t\t\t\t\t<a class=\"elementor-button elementor-button-link elementor-size-sm\" href=\"#elementor-action%3Aaction%3Dpopup%3Aopen%26settings%3DeyJpZCI6NTMsInRvZ2dsZSI6ZmFsc2V9\">\n\t\t\t\t\t\t<span class=\"elementor-button-content-wrapper\">\n\t\t\t\t\t\t<span class=\"elementor-button-icon\">\n\t\t\t\t<svg xmlns=\"http:\/\/www.w3.org\/2000\/svg\" width=\"29\" height=\"20\" viewBox=\"0 0 29 20\" fill=\"none\"><path d=\"M11.3333 14.1667L18.6858 9.91667L11.3333 5.66667V14.1667ZM27.71 3.07417C27.8942 3.74 28.0217 4.6325 28.1067 5.76583C28.2058 6.89917 28.2483 7.87667 28.2483 8.72667L28.3333 9.91667C28.3333 13.0192 28.1067 15.3 27.71 16.7592C27.3558 18.0342 26.5342 18.8558 25.2592 19.21C24.5933 19.3942 23.375 19.5217 21.505 19.6067C19.6633 19.7058 17.9775 19.7483 16.4192 19.7483L14.1667 19.8333C8.23083 19.8333 4.53333 19.6067 3.07417 19.21C1.79917 18.8558 0.9775 18.0342 0.623333 16.7592C0.439167 16.0933 0.311667 15.2008 0.226667 14.0675C0.1275 12.9342 0.0849999 11.9567 0.0849999 11.1067L0 9.91667C0 6.81417 0.226667 4.53333 0.623333 3.07417C0.9775 1.79917 1.79917 0.9775 3.07417 0.623333C3.74 0.439167 4.95833 0.311666 6.82833 0.226666C8.67 0.1275 10.3558 0.0849999 11.9142 0.0849999L14.1667 0C20.1025 0 23.8 0.226667 25.2592 0.623333C26.5342 0.9775 27.3558 1.79917 27.71 3.07417Z\" fill=\"#0E7C95\"><\/path><\/svg>\t\t\t<\/span>\n\t\t\t\t\t\t\t\t\t<span class=\"elementor-button-text\">Regardez la vid\u00e9o en entier<\/span>\n\t\t\t\t\t<\/span>\n\t\t\t\t\t<\/a>\n\t\t\t\t<\/div>\n\t\t\t\t\t\t\t\t<\/div>\n\t\t\t\t<\/div>\n\t\t\t\t<\/div>\n\t\t<div class=\"elementor-element elementor-element-67c0537 e-flex e-con-boxed e-con e-parent\" data-id=\"67c0537\" data-element_type=\"container\">\n\t\t\t\t\t<div class=\"e-con-inner\">\n\t\t<div class=\"elementor-element elementor-element-0f4dc60 e-con-full e-flex e-con e-child\" data-id=\"0f4dc60\" data-element_type=\"container\">\n\t\t\t\t<div class=\"elementor-element elementor-element-8066891 elementor-widget elementor-widget-image\" data-id=\"8066891\" data-element_type=\"widget\" data-widget_type=\"image.default\">\n\t\t\t\t<div class=\"elementor-widget-container\">\n\t\t\t\t\t\t\t\t\t\t\t\t\t\t\t<img fetchpriority=\"high\" decoding=\"async\" width=\"1000\" height=\"1000\" src=\"https:\/\/www.lamansardeduport.com\/wp-content\/uploads\/2025\/12\/la-mansarde-salon-home.jpg\" class=\"attachment-full size-full wp-image-610\" alt=\"\" srcset=\"https:\/\/www.lamansardeduport.com\/wp-content\/uploads\/2025\/12\/la-mansarde-salon-home.jpg 1000w, https:\/\/www.lamansardeduport.com\/wp-content\/uploads\/2025\/12\/la-mansarde-salon-home-300x300.jpg 300w, https:\/\/www.lamansardeduport.com\/wp-content\/uploads\/2025\/12\/la-mansarde-salon-home-150x150.jpg 150w, https:\/\/www.lamansardeduport.com\/wp-content\/uploads\/2025\/12\/la-mansarde-salon-home-768x768.jpg 768w, https:\/\/www.lamansardeduport.com\/wp-content\/uploads\/2025\/12\/la-mansarde-salon-home-650x650.jpg 650w\" sizes=\"(max-width: 1000px) 100vw, 1000px\" \/>\t\t\t\t\t\t\t\t\t\t\t\t\t\t\t<\/div>\n\t\t\t\t<\/div>\n\t\t\t\t<\/div>\n\t\t<div class=\"elementor-element elementor-element-c214427 e-con-full e-flex e-con e-child\" data-id=\"c214427\" data-element_type=\"container\">\n\t\t\t\t<div class=\"elementor-element elementor-element-6b6e7ac elementor-widget elementor-widget-heading\" data-id=\"6b6e7ac\" data-element_type=\"widget\" data-widget_type=\"heading.default\">\n\t\t\t\t<div class=\"elementor-widget-container\">\n\t\t\t\t\t<span class=\"elementor-heading-title elementor-size-default\">Bienvenue \u00e0<\/span>\t\t\t\t<\/div>\n\t\t\t\t<\/div>\n\t\t\t\t<div class=\"elementor-element elementor-element-6feb3db elementor-widget elementor-widget-heading\" data-id=\"6feb3db\" data-element_type=\"widget\" data-widget_type=\"heading.default\">\n\t\t\t\t<div class=\"elementor-widget-container\">\n\t\t\t\t\t<h1 class=\"elementor-heading-title elementor-size-default\">La mansarde du port<\/h1>\t\t\t\t<\/div>\n\t\t\t\t<\/div>\n\t\t\t\t<div class=\"elementor-element elementor-element-5106ab5 elementor-widget elementor-widget-text-editor\" data-id=\"5106ab5\" data-element_type=\"widget\" data-widget_type=\"text-editor.default\">\n\t\t\t\t<div class=\"elementor-widget-container\">\n\t\t\t\t\t\t\t\t\t<p><strong>Un appartement partag\u00e9 au c\u0153ur du quartier du Port de Nice.<\/strong><\/p><p>La Mansarde du Port propose des chambres priv\u00e9es au sein d\u2019un appartement mansard\u00e9, situ\u00e9 dans le quartier du Port \u00e0 Nice, \u00e0 quelques pas du bord de mer, des plages et des restaurants.<br \/>L\u2019appartement se trouve au dernier \u00e9tage d\u2019un immeuble ancien, sous la pente du toit.<\/p><p>Chaque chambre est pens\u00e9e pour un s\u00e9jour pratique et bon march\u00e9. L\u2019espace est simple et fonctionnel, et s\u2019adresse aux voyageurs qui privil\u00e9gient l\u2019emplacement, le budget et l\u2019atmosph\u00e8re plut\u00f4t que les services h\u00f4teliers.<\/p>\t\t\t\t\t\t\t\t<\/div>\n\t\t\t\t<\/div>\n\t\t\t\t<\/div>\n\t\t\t\t\t<\/div>\n\t\t\t\t<\/div>\n\t\t<div class=\"elementor-element elementor-element-87e784c e-flex e-con-boxed e-con e-parent\" data-id=\"87e784c\" data-element_type=\"container\">\n\t\t\t\t\t<div class=\"e-con-inner\">\n\t\t<div class=\"elementor-element elementor-element-54c730c e-con-full e-flex e-con e-child\" data-id=\"54c730c\" data-element_type=\"container\">\n\t\t\t\t<div class=\"elementor-element elementor-element-7937f48 elementor-widget elementor-widget-heading\" data-id=\"7937f48\" data-element_type=\"widget\" data-widget_type=\"heading.default\">\n\t\t\t\t<div class=\"elementor-widget-container\">\n\t\t\t\t\t<h2 class=\"elementor-heading-title elementor-size-default\">Id\u00e9al pour :<\/h2>\t\t\t\t<\/div>\n\t\t\t\t<\/div>\n\t\t\t\t<div class=\"elementor-element elementor-element-3976560 elementor-align-start elementor-icon-list--layout-traditional elementor-list-item-link-full_width elementor-widget elementor-widget-icon-list\" data-id=\"3976560\" data-element_type=\"widget\" data-widget_type=\"icon-list.default\">\n\t\t\t\t<div class=\"elementor-widget-container\">\n\t\t\t\t\t\t\t<ul class=\"elementor-icon-list-items\">\n\t\t\t\t\t\t\t<li class=\"elementor-icon-list-item\">\n\t\t\t\t\t\t\t\t\t\t\t<span class=\"elementor-icon-list-icon\">\n\t\t\t\t\t\t\t<svg aria-hidden=\"true\" class=\"e-font-icon-svg e-fas-circle\" viewBox=\"0 0 512 512\" xmlns=\"http:\/\/www.w3.org\/2000\/svg\"><path d=\"M256 8C119 8 8 119 8 256s111 248 248 248 248-111 248-248S393 8 256 8z\"><\/path><\/svg>\t\t\t\t\t\t<\/span>\n\t\t\t\t\t\t\t\t\t\t<span class=\"elementor-icon-list-text\">Voyageurs solo<\/span>\n\t\t\t\t\t\t\t\t\t<\/li>\n\t\t\t\t\t\t\t\t<li class=\"elementor-icon-list-item\">\n\t\t\t\t\t\t\t\t\t\t\t<span class=\"elementor-icon-list-icon\">\n\t\t\t\t\t\t\t<svg aria-hidden=\"true\" class=\"e-font-icon-svg e-fas-circle\" viewBox=\"0 0 512 512\" xmlns=\"http:\/\/www.w3.org\/2000\/svg\"><path d=\"M256 8C119 8 8 119 8 256s111 248 248 248 248-111 248-248S393 8 256 8z\"><\/path><\/svg>\t\t\t\t\t\t<\/span>\n\t\t\t\t\t\t\t\t\t\t<span class=\"elementor-icon-list-text\">Courts s\u00e9jours et escapades urbaines  <\/span>\n\t\t\t\t\t\t\t\t\t<\/li>\n\t\t\t\t\t\t\t\t<li class=\"elementor-icon-list-item\">\n\t\t\t\t\t\t\t\t\t\t\t<span class=\"elementor-icon-list-icon\">\n\t\t\t\t\t\t\t<svg aria-hidden=\"true\" class=\"e-font-icon-svg e-fas-circle\" viewBox=\"0 0 512 512\" xmlns=\"http:\/\/www.w3.org\/2000\/svg\"><path d=\"M256 8C119 8 8 119 8 256s111 248 248 248 248-111 248-248S393 8 256 8z\"><\/path><\/svg>\t\t\t\t\t\t<\/span>\n\t\t\t\t\t\t\t\t\t\t<span class=\"elementor-icon-list-text\">Voyageurs souhaitant d\u00e9couvrir Nice depuis un quartier vivant et authentique<\/span>\n\t\t\t\t\t\t\t\t\t<\/li>\n\t\t\t\t\t\t<\/ul>\n\t\t\t\t\t\t<\/div>\n\t\t\t\t<\/div>\n\t\t\t\t<\/div>\n\t\t<div class=\"elementor-element elementor-element-b4bd7ea e-con-full e-flex e-con e-child\" data-id=\"b4bd7ea\" data-element_type=\"container\" data-settings=\"{&quot;background_background&quot;:&quot;classic&quot;}\">\n\t\t<div class=\"elementor-element elementor-element-b0e0e70 e-grid e-con-full e-con e-child\" data-id=\"b0e0e70\" data-element_type=\"container\">\n\t\t<div class=\"elementor-element elementor-element-ba3dc28 e-con-full e-flex e-con e-child\" data-id=\"ba3dc28\" data-element_type=\"container\">\n\t\t\t\t<div class=\"elementor-element elementor-element-34c376c elementor-widget elementor-widget-image\" data-id=\"34c376c\" data-element_type=\"widget\" data-widget_type=\"image.default\">\n\t\t\t\t<div class=\"elementor-widget-container\">\n\t\t\t\t\t\t\t\t\t\t\t\t\t\t\t<img decoding=\"async\" src=\"https:\/\/www.lamansardeduport.com\/wp-content\/uploads\/2025\/12\/icon-check-in.svg\" title=\"icon-check-in\" alt=\"icon-check-in\" loading=\"lazy\" \/>\t\t\t\t\t\t\t\t\t\t\t\t\t\t\t<\/div>\n\t\t\t\t<\/div>\n\t\t<div class=\"elementor-element elementor-element-4287a9b e-con-full e-flex e-con e-child\" data-id=\"4287a9b\" data-element_type=\"container\">\n\t\t\t\t<div class=\"elementor-element elementor-element-8e6fd89 elementor-widget elementor-widget-heading\" data-id=\"8e6fd89\" data-element_type=\"widget\" data-widget_type=\"heading.default\">\n\t\t\t\t<div class=\"elementor-widget-container\">\n\t\t\t\t\t<h3 class=\"elementor-heading-title elementor-size-default\">ARRIVE\u00c9E AUTONOME<\/h3>\t\t\t\t<\/div>\n\t\t\t\t<\/div>\n\t\t\t\t<div class=\"elementor-element elementor-element-51cec61 elementor-widget elementor-widget-text-editor\" data-id=\"51cec61\" data-element_type=\"widget\" data-widget_type=\"text-editor.default\">\n\t\t\t\t<div class=\"elementor-widget-container\">\n\t\t\t\t\t\t\t\t\t<p>Arrivez quand vous le souhaitez.<br \/>Pas d\u2019attente, pas de cl\u00e9s \u00e0 r\u00e9cup\u00e9rer.<\/p>\n\t\t\t\t\t\t\t\t<\/div>\n\t\t\t\t<\/div>\n\t\t\t\t<\/div>\n\t\t\t\t<\/div>\n\t\t<div class=\"elementor-element elementor-element-7a0f69f e-con-full e-flex e-con e-child\" data-id=\"7a0f69f\" data-element_type=\"container\">\n\t\t\t\t<div class=\"elementor-element elementor-element-1422e08 elementor-widget elementor-widget-image\" data-id=\"1422e08\" data-element_type=\"widget\" data-widget_type=\"image.default\">\n\t\t\t\t<div class=\"elementor-widget-container\">\n\t\t\t\t\t\t\t\t\t\t\t\t\t\t\t<img decoding=\"async\" src=\"https:\/\/www.lamansardeduport.com\/wp-content\/uploads\/2025\/12\/icon-bed.svg\" title=\"icon-bed\" alt=\"icon-bed\" loading=\"lazy\" \/>\t\t\t\t\t\t\t\t\t\t\t\t\t\t\t<\/div>\n\t\t\t\t<\/div>\n\t\t<div class=\"elementor-element elementor-element-52858e7 e-con-full e-flex e-con e-child\" data-id=\"52858e7\" data-element_type=\"container\">\n\t\t\t\t<div class=\"elementor-element elementor-element-0f40809 elementor-widget elementor-widget-heading\" data-id=\"0f40809\" data-element_type=\"widget\" data-widget_type=\"heading.default\">\n\t\t\t\t<div class=\"elementor-widget-container\">\n\t\t\t\t\t<h3 class=\"elementor-heading-title elementor-size-default\">Chambres priv\u00e9es<\/h3>\t\t\t\t<\/div>\n\t\t\t\t<\/div>\n\t\t\t\t<div class=\"elementor-element elementor-element-b22b8fd elementor-widget elementor-widget-text-editor\" data-id=\"b22b8fd\" data-element_type=\"widget\" data-widget_type=\"text-editor.default\">\n\t\t\t\t<div class=\"elementor-widget-container\">\n\t\t\t\t\t\t\t\t\t<p>Votre propre chambre confortable et calme.<\/p>\n\t\t\t\t\t\t\t\t<\/div>\n\t\t\t\t<\/div>\n\t\t\t\t<\/div>\n\t\t\t\t<\/div>\n\t\t<div class=\"elementor-element elementor-element-caf5b81 e-con-full e-flex e-con e-child\" data-id=\"caf5b81\" data-element_type=\"container\">\n\t\t\t\t<div class=\"elementor-element elementor-element-1cc43f4 elementor-widget elementor-widget-image\" data-id=\"1cc43f4\" data-element_type=\"widget\" data-widget_type=\"image.default\">\n\t\t\t\t<div class=\"elementor-widget-container\">\n\t\t\t\t\t\t\t\t\t\t\t\t\t\t\t<img decoding=\"async\" src=\"https:\/\/www.lamansardeduport.com\/wp-content\/uploads\/2025\/12\/icon-living-room.svg\" title=\"icon-living-room\" alt=\"icon-living-room\" loading=\"lazy\" \/>\t\t\t\t\t\t\t\t\t\t\t\t\t\t\t<\/div>\n\t\t\t\t<\/div>\n\t\t<div class=\"elementor-element elementor-element-2c94b7f e-con-full e-flex e-con e-child\" data-id=\"2c94b7f\" data-element_type=\"container\">\n\t\t\t\t<div class=\"elementor-element elementor-element-56a096c elementor-widget elementor-widget-heading\" data-id=\"56a096c\" data-element_type=\"widget\" data-widget_type=\"heading.default\">\n\t\t\t\t<div class=\"elementor-widget-container\">\n\t\t\t\t\t<h3 class=\"elementor-heading-title elementor-size-default\">Salon partag\u00e9<\/h3>\t\t\t\t<\/div>\n\t\t\t\t<\/div>\n\t\t\t\t<div class=\"elementor-element elementor-element-19ed1ec elementor-widget elementor-widget-text-editor\" data-id=\"19ed1ec\" data-element_type=\"widget\" data-widget_type=\"text-editor.default\">\n\t\t\t\t<div class=\"elementor-widget-container\">\n\t\t\t\t\t\t\t\t\t<p>Un espace calme pour se d\u00e9tendre ou \u00e9changer.<\/p>\t\t\t\t\t\t\t\t<\/div>\n\t\t\t\t<\/div>\n\t\t\t\t<\/div>\n\t\t\t\t<\/div>\n\t\t<div class=\"elementor-element elementor-element-20f4d08 e-con-full e-flex e-con e-child\" data-id=\"20f4d08\" data-element_type=\"container\">\n\t\t\t\t<div class=\"elementor-element elementor-element-97361d9 elementor-widget elementor-widget-image\" data-id=\"97361d9\" data-element_type=\"widget\" data-widget_type=\"image.default\">\n\t\t\t\t<div class=\"elementor-widget-container\">\n\t\t\t\t\t\t\t\t\t\t\t\t\t\t\t<img decoding=\"async\" src=\"https:\/\/www.lamansardeduport.com\/wp-content\/uploads\/2025\/12\/icon-kitchen.svg\" title=\"icon-kitchen\" alt=\"icon-kitchen\" loading=\"lazy\" \/>\t\t\t\t\t\t\t\t\t\t\t\t\t\t\t<\/div>\n\t\t\t\t<\/div>\n\t\t<div class=\"elementor-element elementor-element-c2b4bce e-con-full e-flex e-con e-child\" data-id=\"c2b4bce\" data-element_type=\"container\">\n\t\t\t\t<div class=\"elementor-element elementor-element-501a140 elementor-widget elementor-widget-heading\" data-id=\"501a140\" data-element_type=\"widget\" data-widget_type=\"heading.default\">\n\t\t\t\t<div class=\"elementor-widget-container\">\n\t\t\t\t\t<h3 class=\"elementor-heading-title elementor-size-default\">Cuisine partag\u00e9e<\/h3>\t\t\t\t<\/div>\n\t\t\t\t<\/div>\n\t\t\t\t<div class=\"elementor-element elementor-element-8f64be3 elementor-widget elementor-widget-text-editor\" data-id=\"8f64be3\" data-element_type=\"widget\" data-widget_type=\"text-editor.default\">\n\t\t\t\t<div class=\"elementor-widget-container\">\n\t\t\t\t\t\t\t\t\t<p>Enti\u00e8rement \u00e9quip\u00e9e pour des<br \/>repas simples et un usage quotidien.<\/p>\n\t\t\t\t\t\t\t\t<\/div>\n\t\t\t\t<\/div>\n\t\t\t\t<\/div>\n\t\t\t\t<\/div>\n\t\t<div class=\"elementor-element elementor-element-b436a8b e-con-full e-flex e-con e-child\" data-id=\"b436a8b\" data-element_type=\"container\">\n\t\t\t\t<div class=\"elementor-element elementor-element-f0e9d24 elementor-widget elementor-widget-image\" data-id=\"f0e9d24\" data-element_type=\"widget\" data-widget_type=\"image.default\">\n\t\t\t\t<div class=\"elementor-widget-container\">\n\t\t\t\t\t\t\t\t\t\t\t\t\t\t\t<img decoding=\"async\" src=\"https:\/\/www.lamansardeduport.com\/wp-content\/uploads\/2025\/12\/icon-bathroom.svg\" title=\"icon-bathroom\" alt=\"icon-bathroom\" loading=\"lazy\" \/>\t\t\t\t\t\t\t\t\t\t\t\t\t\t\t<\/div>\n\t\t\t\t<\/div>\n\t\t<div class=\"elementor-element elementor-element-55b6b82 e-con-full e-flex e-con e-child\" data-id=\"55b6b82\" data-element_type=\"container\">\n\t\t\t\t<div class=\"elementor-element elementor-element-e0d2128 elementor-widget elementor-widget-heading\" data-id=\"e0d2128\" data-element_type=\"widget\" data-widget_type=\"heading.default\">\n\t\t\t\t<div class=\"elementor-widget-container\">\n\t\t\t\t\t<h3 class=\"elementor-heading-title elementor-size-default\">SDB partag\u00e9es<\/h3>\t\t\t\t<\/div>\n\t\t\t\t<\/div>\n\t\t\t\t<div class=\"elementor-element elementor-element-93e6704 elementor-widget elementor-widget-text-editor\" data-id=\"93e6704\" data-element_type=\"widget\" data-widget_type=\"text-editor.default\">\n\t\t\t\t<div class=\"elementor-widget-container\">\n\t\t\t\t\t\t\t\t\t<p>Salles de bain propres et fonctionnelles,<br \/>partag\u00e9es entre les voyageurs.<\/p>\n\t\t\t\t\t\t\t\t<\/div>\n\t\t\t\t<\/div>\n\t\t\t\t<\/div>\n\t\t\t\t<\/div>\n\t\t<div class=\"elementor-element elementor-element-56bb286 e-con-full e-flex e-con e-child\" data-id=\"56bb286\" data-element_type=\"container\">\n\t\t\t\t<div class=\"elementor-element elementor-element-ad9023e elementor-widget elementor-widget-image\" data-id=\"ad9023e\" data-element_type=\"widget\" data-widget_type=\"image.default\">\n\t\t\t\t<div class=\"elementor-widget-container\">\n\t\t\t\t\t\t\t\t\t\t\t\t\t\t\t<img decoding=\"async\" src=\"https:\/\/www.lamansardeduport.com\/wp-content\/uploads\/2025\/12\/icon-check-in.svg\" title=\"icon-check-in\" alt=\"icon-check-in\" loading=\"lazy\" \/>\t\t\t\t\t\t\t\t\t\t\t\t\t\t\t<\/div>\n\t\t\t\t<\/div>\n\t\t<div class=\"elementor-element elementor-element-4026897 e-con-full e-flex e-con e-child\" data-id=\"4026897\" data-element_type=\"container\">\n\t\t\t\t<div class=\"elementor-element elementor-element-f2a7023 elementor-widget elementor-widget-heading\" data-id=\"f2a7023\" data-element_type=\"widget\" data-widget_type=\"heading.default\">\n\t\t\t\t<div class=\"elementor-widget-container\">\n\t\t\t\t\t<h3 class=\"elementor-heading-title elementor-size-default\">Laverie en libre-service<\/h3>\t\t\t\t<\/div>\n\t\t\t\t<\/div>\n\t\t\t\t<div class=\"elementor-element elementor-element-92085e4 elementor-widget elementor-widget-text-editor\" data-id=\"92085e4\" data-element_type=\"widget\" data-widget_type=\"text-editor.default\">\n\t\t\t\t<div class=\"elementor-widget-container\">\n\t\t\t\t\t\t\t\t\t<p>Lavage et s\u00e9chage sur place<br \/>disponibles avec suppl\u00e9ment.<\/p>\n\t\t\t\t\t\t\t\t<\/div>\n\t\t\t\t<\/div>\n\t\t\t\t<\/div>\n\t\t\t\t<\/div>\n\t\t\t\t<\/div>\n\t\t\t\t<\/div>\n\t\t\t\t\t<\/div>\n\t\t\t\t<\/div>\n\t\t<div class=\"elementor-element elementor-element-b229e7f e-flex e-con-boxed e-con e-parent\" data-id=\"b229e7f\" data-element_type=\"container\">\n\t\t\t\t\t<div class=\"e-con-inner\">\n\t\t<div class=\"elementor-element elementor-element-dca15e0 e-con-full e-flex e-con e-child\" data-id=\"dca15e0\" data-element_type=\"container\">\n\t\t\t\t<div class=\"elementor-element elementor-element-ada3903 elementor-widget elementor-widget-text-editor\" data-id=\"ada3903\" data-element_type=\"widget\" data-widget_type=\"text-editor.default\">\n\t\t\t\t<div class=\"elementor-widget-container\">\n\t\t\t\t\t\t\t\t\t<iframe style=\"border: 0;\" src=\"https:\/\/www.google.com\/maps\/embed?pb=!1m14!1m8!1m3!1d2884.595574571336!2d7.2807606!3d43.6981706!3m2!1i1024!2i768!4f13.1!3m3!1m2!1s0x12cddbd77c103e15%3A0xb00d71b547ebff99!2sLa%20Mansarde%20du%20Port!5e0!3m2!1sfr!2sfr!4v1766769569028!5m2!1sfr!2sfr\" allowfullscreen=\"allowfullscreen\"><span data-mce-type=\"bookmark\" style=\"display: inline-block; width: 0px; overflow: hidden; line-height: 0;\" class=\"mce_SELRES_start\">\ufeff<\/span><span data-mce-type=\"bookmark\" style=\"display: inline-block; width: 0px; overflow: hidden; line-height: 0;\" class=\"mce_SELRES_start\">\ufeff<\/span><span data-mce-type=\"bookmark\" style=\"display: inline-block; width: 0px; overflow: hidden; line-height: 0;\" class=\"mce_SELRES_start\">\ufeff<\/span><\/iframe>\t\t\t\t\t\t\t\t<\/div>\n\t\t\t\t<\/div>\n\t\t\t\t<\/div>\n\t\t<div class=\"elementor-element elementor-element-6c41b57 e-con-full e-flex e-con e-child\" data-id=\"6c41b57\" data-element_type=\"container\">\n\t\t\t\t<div class=\"elementor-element elementor-element-23454ae elementor-widget elementor-widget-heading\" data-id=\"23454ae\" data-element_type=\"widget\" data-widget_type=\"heading.default\">\n\t\t\t\t<div class=\"elementor-widget-container\">\n\t\t\t\t\t<h1 class=\"elementor-heading-title elementor-size-default\">CE QUE DISENT LES VOYAGEURS <\/h1>\t\t\t\t<\/div>\n\t\t\t\t<\/div>\n\t\t\t\t<div class=\"elementor-element elementor-element-0dff469 elementor-widget elementor-widget-text-editor\" data-id=\"0dff469\" data-element_type=\"widget\" data-widget_type=\"text-editor.default\">\n\t\t\t\t<div class=\"elementor-widget-container\">\n\t\t\t\t\t\t\t\t\t<p><br \/><script src=\"https:\/\/elfsightcdn.com\/platform.js\" async><\/script><\/p>\n<div class=\"elfsight-app-dffb887c-9c21-472a-b20a-e93b0db736ff\" data-elfsight-app-lazy=\"\">\u00a0<\/div>\n\t\t\t\t\t\t\t\t<\/div>\n\t\t\t\t<\/div>\n\t\t\t\t<\/div>\n\t\t\t\t\t<\/div>\n\t\t\t\t<\/div>\n\t\t\t\t<\/div>\n\t\t","protected":false},"excerpt":{"rendered":"<p>Regardez la vid\u00e9o en entier Bienvenue \u00e0 La mansarde du port Un appartement partag\u00e9 au c\u0153ur du quartier du Port de Nice. La Mansarde du Port propose des chambres priv\u00e9es au sein d\u2019un appartement mansard\u00e9, situ\u00e9 dans le quartier du Port \u00e0 Nice, \u00e0 quelques pas du bord de mer, des plages et des restaurants.L\u2019appartement [&hellip;]<\/p>\n","protected":false},"author":1,"featured_media":0,"parent":0,"menu_order":0,"comment_status":"closed","ping_status":"closed","template":"elementor_header_footer","meta":{"_acf_changed":false,"footnotes":""},"class_list":["post-604","page","type-page","status-publish","hentry"],"acf":[],"_links":{"self":[{"href":"https:\/\/www.lamansardeduport.com\/fr\/wp-json\/wp\/v2\/pages\/604","targetHints":{"allow":["GET"]}}],"collection":[{"href":"https:\/\/www.lamansardeduport.com\/fr\/wp-json\/wp\/v2\/pages"}],"about":[{"href":"https:\/\/www.lamansardeduport.com\/fr\/wp-json\/wp\/v2\/types\/page"}],"author":[{"embeddable":true,"href":"https:\/\/www.lamansardeduport.com\/fr\/wp-json\/wp\/v2\/users\/1"}],"replies":[{"embeddable":true,"href":"https:\/\/www.lamansardeduport.com\/fr\/wp-json\/wp\/v2\/comments?post=604"}],"version-history":[{"count":7,"href":"https:\/\/www.lamansardeduport.com\/fr\/wp-json\/wp\/v2\/pages\/604\/revisions"}],"predecessor-version":[{"id":761,"href":"https:\/\/www.lamansardeduport.com\/fr\/wp-json\/wp\/v2\/pages\/604\/revisions\/761"}],"wp:attachment":[{"href":"https:\/\/www.lamansardeduport.com\/fr\/wp-json\/wp\/v2\/media?parent=604"}],"curies":[{"name":"wp","href":"https:\/\/api.w.org\/{rel}","templated":true}]}}